{"id":1217,"date":"2018-11-29T15:04:15","date_gmt":"2018-11-29T13:04:15","guid":{"rendered":"http:\/\/www.filkon-rf.com\/?page_id=1217"},"modified":"2025-11-06T20:38:16","modified_gmt":"2025-11-06T18:38:16","slug":"faaliyet-alanlarix","status":"publish","type":"page","link":"https:\/\/www.filkon-rf.com\/en\/faaliyet-alanlarix\/","title":{"rendered":"ACTIVITIES"},"content":{"rendered":"<div data-elementor-type=\"wp-post\" data-elementor-id=\"1217\" class=\"elementor elementor-1217\">\n\t\t\t\t\t\t<section class=\"elementor-section elementor-top-section elementor-element elementor-element-89fe7f0 elementor-section-boxed elementor-section-height-default elementor-section-height-default\" data-id=\"89fe7f0\" data-element_type=\"section\" data-e-type=\"section\">\n\t\t\t\t\t\t<div class=\"elementor-container elementor-column-gap-default\">\n\t\t\t\t\t<div class=\"elementor-column elementor-col-100 elementor-top-column elementor-element elementor-element-1fe45df\" data-id=\"1fe45df\" data-element_type=\"column\" data-e-type=\"column\">\n\t\t\t<div class=\"elementor-widget-wrap elementor-element-populated\">\n\t\t\t\t\t\t<div class=\"elementor-element elementor-element-b1d941c elementor-widget elementor-widget-heading\" data-id=\"b1d941c\" data-element_type=\"widget\" data-e-type=\"widget\" data-widget_type=\"heading.default\">\n\t\t\t\t<div class=\"elementor-widget-container\">\n\t\t\t\t\t<h2 class=\"elementor-heading-title elementor-size-default\">ACTIVITIES<\/h2>\t\t\t\t<\/div>\n\t\t\t\t<\/div>\n\t\t\t\t\t<\/div>\n\t\t<\/div>\n\t\t\t\t\t<\/div>\n\t\t<\/section>\n\t\t\t\t<section class=\"elementor-section elementor-top-section elementor-element elementor-element-d2fea12 elementor-section-boxed elementor-section-height-default elementor-section-height-default\" data-id=\"d2fea12\" data-element_type=\"section\" data-e-type=\"section\">\n\t\t\t\t\t\t<div class=\"elementor-container elementor-column-gap-default\">\n\t\t\t\t\t<div class=\"elementor-column elementor-col-100 elementor-top-column elementor-element elementor-element-dd32cad\" data-id=\"dd32cad\" data-element_type=\"column\" data-e-type=\"column\">\n\t\t\t<div class=\"elementor-widget-wrap elementor-element-populated\">\n\t\t\t\t\t\t<div class=\"elementor-element elementor-element-08e4860 elementor-widget elementor-widget-accordion\" data-id=\"08e4860\" data-element_type=\"widget\" data-e-type=\"widget\" data-widget_type=\"accordion.default\">\n\t\t\t\t<div class=\"elementor-widget-container\">\n\t\t\t\t\t\t\t<div class=\"elementor-accordion\">\n\t\t\t\t\t\t\t<div class=\"elementor-accordion-item\">\n\t\t\t\t\t<div id=\"elementor-tab-title-9321\" class=\"elementor-tab-title\" data-tab=\"1\" role=\"button\" aria-controls=\"elementor-tab-content-9321\" aria-expanded=\"false\">\n\t\t\t\t\t\t\t\t\t\t\t\t\t<span class=\"elementor-accordion-icon elementor-accordion-icon-left\" aria-hidden=\"true\">\n\t\t\t\t\t\t\t\t\t\t\t\t\t\t\t<span class=\"elementor-accordion-icon-closed\"><i class=\"fas fa-plus\"><\/i><\/span>\n\t\t\t\t\t\t\t\t<span class=\"elementor-accordion-icon-opened\"><i class=\"fas fa-minus\"><\/i><\/span>\n\t\t\t\t\t\t\t\t\t\t\t\t\t\t<\/span>\n\t\t\t\t\t\t\t\t\t\t\t\t<a class=\"elementor-accordion-title\" tabindex=\"0\">RF Microwave Design<\/a>\n\t\t\t\t\t<\/div>\n\t\t\t\t\t<div id=\"elementor-tab-content-9321\" class=\"elementor-tab-content elementor-clearfix\" data-tab=\"1\" role=\"region\" aria-labelledby=\"elementor-tab-title-9321\"><ul><li>RF and Microwave Design\nDesigning RF\/microwave systems, subsystems and modules for communication, radar and electronics warfare systems\nRF and microwave filter, tuning circuits and multiplexers\nLumped and distributed parameter filters, linear phased cross-coupled filters\nAntenna Tuning Units\nVoltage and digital controlled band pass filters\nVery narrow band, band stopped filters<\/li><\/ul><\/li><li>Software development for design and synthesis of filter and multiplexer<\/li><\/ul><\/div>\n\t\t\t\t<\/div>\n\t\t\t\t\t\t\t<div class=\"elementor-accordion-item\">\n\t\t\t\t\t<div id=\"elementor-tab-title-9322\" class=\"elementor-tab-title\" data-tab=\"2\" role=\"button\" aria-controls=\"elementor-tab-content-9322\" aria-expanded=\"false\">\n\t\t\t\t\t\t\t\t\t\t\t\t\t<span class=\"elementor-accordion-icon elementor-accordion-icon-left\" aria-hidden=\"true\">\n\t\t\t\t\t\t\t\t\t\t\t\t\t\t\t<span class=\"elementor-accordion-icon-closed\"><i class=\"fas fa-plus\"><\/i><\/span>\n\t\t\t\t\t\t\t\t<span class=\"elementor-accordion-icon-opened\"><i class=\"fas fa-minus\"><\/i><\/span>\n\t\t\t\t\t\t\t\t\t\t\t\t\t\t<\/span>\n\t\t\t\t\t\t\t\t\t\t\t\t<a class=\"elementor-accordion-title\" tabindex=\"0\">Antenna Design<\/a>\n\t\t\t\t\t<\/div>\n\t\t\t\t\t<div id=\"elementor-tab-content-9322\" class=\"elementor-tab-content elementor-clearfix\" data-tab=\"2\" role=\"region\" aria-labelledby=\"elementor-tab-title-9322\"><ul><li>Microstrip patch antenna<\/li><li>Array Antenna<\/li><\/ul><\/div>\n\t\t\t\t<\/div>\n\t\t\t\t\t\t\t\t<\/div>\n\t\t\t\t\t\t<\/div>\n\t\t\t\t<\/div>\n\t\t\t\t\t<\/div>\n\t\t<\/div>\n\t\t\t\t\t<\/div>\n\t\t<\/section>\n\t\t\t\t<section class=\"elementor-section elementor-top-section elementor-element elementor-element-7967ad2 elementor-section-boxed elementor-section-height-default elementor-section-height-default\" data-id=\"7967ad2\" data-element_type=\"section\" data-e-type=\"section\">\n\t\t\t\t\t\t<div class=\"elementor-container elementor-column-gap-default\">\n\t\t\t\t\t<div class=\"elementor-column elementor-col-100 elementor-top-column elementor-element elementor-element-8e2bc5a\" data-id=\"8e2bc5a\" data-element_type=\"column\" data-e-type=\"column\">\n\t\t\t<div class=\"elementor-widget-wrap elementor-element-populated\">\n\t\t\t\t\t\t<div class=\"elementor-element elementor-element-6106472 elementor-widget elementor-widget-spacer\" data-id=\"6106472\" data-element_type=\"widget\" data-e-type=\"widget\" data-widget_type=\"spacer.default\">\n\t\t\t\t<div class=\"elementor-widget-container\">\n\t\t\t\t\t\t\t<div class=\"elementor-spacer\">\n\t\t\t<div class=\"elementor-spacer-inner\"><\/div>\n\t\t<\/div>\n\t\t\t\t\t\t<\/div>\n\t\t\t\t<\/div>\n\t\t\t\t\t<\/div>\n\t\t<\/div>\n\t\t\t\t\t<\/div>\n\t\t<\/section>\n\t\t\t\t<section class=\"elementor-section elementor-top-section elementor-element elementor-element-f85907a elementor-section-boxed elementor-section-height-default elementor-section-height-default\" data-id=\"f85907a\" data-element_type=\"section\" data-e-type=\"section\">\n\t\t\t\t\t\t<div class=\"elementor-container elementor-column-gap-default\">\n\t\t\t\t\t<div class=\"elementor-column elementor-col-100 elementor-top-column elementor-element elementor-element-71d9300\" data-id=\"71d9300\" data-element_type=\"column\" data-e-type=\"column\">\n\t\t\t<div class=\"elementor-widget-wrap\">\n\t\t\t\t\t\t\t<\/div>\n\t\t<\/div>\n\t\t\t\t\t<\/div>\n\t\t<\/section>\n\t\t\t\t<\/div>","protected":false},"excerpt":{"rendered":"<p>FAAL\u0130YET ALANLARI RF ve Mikrodalga Tasar\u0131m Haberle\u015fme, radar ve elektronik harp sistemleri i\u00e7in RF ve mikrodalga sistem, alt sistem ve mod\u00fcl tasar\u0131m\u0131 Filtre sentez ve tasar\u0131m\u0131 i\u00e7in yaz\u0131l\u0131m geli\u015ftirme Anten Tasar\u0131m\u0131 Mikro\u015ferit yama anten tasar\u0131m\u0131 Dizi anten tasar\u0131m\u0131<\/p>","protected":false},"author":1,"featured_media":0,"parent":0,"menu_order":0,"comment_status":"closed","ping_status":"closed","template":"page-templates\/fullwidth-content.php","meta":{"footnotes":""},"class_list":["post-1217","page","type-page","status-publish","hentry"],"yoast_head":"<!-- This site is optimized with the Yoast SEO plugin v27.4 - https:\/\/yoast.com\/product\/yoast-seo-wordpress\/ -->\n<title>FAAL\u0130YET ALANLARI - F\u0130LKON ELEKTRON\u0130K<\/title>\n<meta name=\"description\" content=\"FAAL\u0130YET ALANLARI RF ve Mikrodalga Tasar\u0131m Haberle\u015fme, radar ve elektronik harp sistemleri i\u00e7in RF ve mikrodalga sistem, alt sistem ve mod\u00fcl\" \/>\n<meta name=\"robots\" content=\"index, follow, max-snippet:-1, max-image-preview:large, max-video-preview:-1\" \/>\n<link rel=\"canonical\" href=\"https:\/\/www.filkon-rf.com\/en\/faaliyet-alanlarix\/\" \/>\n<meta property=\"og:locale\" content=\"en_US\" \/>\n<meta property=\"og:type\" content=\"article\" \/>\n<meta property=\"og:title\" content=\"FAAL\u0130YET ALANLARI - F\u0130LKON ELEKTRON\u0130K\" \/>\n<meta property=\"og:description\" content=\"FAAL\u0130YET ALANLARI RF ve Mikrodalga Tasar\u0131m Haberle\u015fme, radar ve elektronik harp sistemleri i\u00e7in RF ve mikrodalga sistem, alt sistem ve mod\u00fcl\" \/>\n<meta property=\"og:url\" content=\"https:\/\/www.filkon-rf.com\/en\/faaliyet-alanlarix\/\" \/>\n<meta property=\"og:site_name\" content=\"F\u0130LKON ELEKTRON\u0130K\" \/>\n<meta property=\"article:modified_time\" content=\"2025-11-06T18:38:16+00:00\" \/>\n<meta name=\"twitter:card\" content=\"summary_large_image\" \/>\n<meta name=\"twitter:label1\" content=\"Est. reading time\" \/>\n\t<meta name=\"twitter:data1\" content=\"1 minute\" \/>\n<script type=\"application\/ld+json\" class=\"yoast-schema-graph\">{\"@context\":\"https:\\\/\\\/schema.org\",\"@graph\":[{\"@type\":\"WebPage\",\"@id\":\"https:\\\/\\\/www.filkon-rf.com\\\/faaliyet-alanlarix\\\/\",\"url\":\"https:\\\/\\\/www.filkon-rf.com\\\/faaliyet-alanlarix\\\/\",\"name\":\"FAAL\u0130YET ALANLARI - F\u0130LKON ELEKTRON\u0130K\",\"isPartOf\":{\"@id\":\"https:\\\/\\\/www.filkon-rf.com\\\/#website\"},\"datePublished\":\"2018-11-29T13:04:15+00:00\",\"dateModified\":\"2025-11-06T18:38:16+00:00\",\"description\":\"FAAL\u0130YET ALANLARI RF ve Mikrodalga Tasar\u0131m Haberle\u015fme, radar ve elektronik harp sistemleri i\u00e7in RF ve mikrodalga sistem, alt sistem ve mod\u00fcl\",\"breadcrumb\":{\"@id\":\"https:\\\/\\\/www.filkon-rf.com\\\/faaliyet-alanlarix\\\/#breadcrumb\"},\"inLanguage\":\"en-US\",\"potentialAction\":[{\"@type\":\"ReadAction\",\"target\":[\"https:\\\/\\\/www.filkon-rf.com\\\/faaliyet-alanlarix\\\/\"]}]},{\"@type\":\"BreadcrumbList\",\"@id\":\"https:\\\/\\\/www.filkon-rf.com\\\/faaliyet-alanlarix\\\/#breadcrumb\",\"itemListElement\":[{\"@type\":\"ListItem\",\"position\":1,\"name\":\"Home\",\"item\":\"https:\\\/\\\/www.filkon-rf.com\\\/\"},{\"@type\":\"ListItem\",\"position\":2,\"name\":\"FAAL\u0130YET ALANLARI\"}]},{\"@type\":\"WebSite\",\"@id\":\"https:\\\/\\\/www.filkon-rf.com\\\/#website\",\"url\":\"https:\\\/\\\/www.filkon-rf.com\\\/\",\"name\":\"F\u0130LKON ELEKTRON\u0130K\",\"description\":\"RF - Mikrodalga Tasar\u0131m\",\"publisher\":{\"@id\":\"https:\\\/\\\/www.filkon-rf.com\\\/#organization\"},\"potentialAction\":[{\"@type\":\"SearchAction\",\"target\":{\"@type\":\"EntryPoint\",\"urlTemplate\":\"https:\\\/\\\/www.filkon-rf.com\\\/?s={search_term_string}\"},\"query-input\":{\"@type\":\"PropertyValueSpecification\",\"valueRequired\":true,\"valueName\":\"search_term_string\"}}],\"inLanguage\":\"en-US\"},{\"@type\":\"Organization\",\"@id\":\"https:\\\/\\\/www.filkon-rf.com\\\/#organization\",\"name\":\"Filkon Elektronik\",\"url\":\"https:\\\/\\\/www.filkon-rf.com\\\/\",\"logo\":{\"@type\":\"ImageObject\",\"inLanguage\":\"en-US\",\"@id\":\"https:\\\/\\\/www.filkon-rf.com\\\/#\\\/schema\\\/logo\\\/image\\\/\",\"url\":\"https:\\\/\\\/www.filkon-rf.com\\\/wp-content\\\/uploads\\\/2018\\\/12\\\/FilkonLogo_Transp0.png\",\"contentUrl\":\"https:\\\/\\\/www.filkon-rf.com\\\/wp-content\\\/uploads\\\/2018\\\/12\\\/FilkonLogo_Transp0.png\",\"width\":152,\"height\":61,\"caption\":\"Filkon Elektronik\"},\"image\":{\"@id\":\"https:\\\/\\\/www.filkon-rf.com\\\/#\\\/schema\\\/logo\\\/image\\\/\"}}]}<\/script>\n<!-- \/ Yoast SEO plugin. -->","yoast_head_json":{"title":"FAAL\u0130YET ALANLARI - F\u0130LKON ELEKTRON\u0130K","description":"FAAL\u0130YET ALANLARI RF ve Mikrodalga Tasar\u0131m Haberle\u015fme, radar ve elektronik harp sistemleri i\u00e7in RF ve mikrodalga sistem, alt sistem ve mod\u00fcl","robots":{"index":"index","follow":"follow","max-snippet":"max-snippet:-1","max-image-preview":"max-image-preview:large","max-video-preview":"max-video-preview:-1"},"canonical":"https:\/\/www.filkon-rf.com\/en\/faaliyet-alanlarix\/","og_locale":"en_US","og_type":"article","og_title":"FAAL\u0130YET ALANLARI - F\u0130LKON ELEKTRON\u0130K","og_description":"FAAL\u0130YET ALANLARI RF ve Mikrodalga Tasar\u0131m Haberle\u015fme, radar ve elektronik harp sistemleri i\u00e7in RF ve mikrodalga sistem, alt sistem ve mod\u00fcl","og_url":"https:\/\/www.filkon-rf.com\/en\/faaliyet-alanlarix\/","og_site_name":"F\u0130LKON ELEKTRON\u0130K","article_modified_time":"2025-11-06T18:38:16+00:00","twitter_card":"summary_large_image","twitter_misc":{"Est. reading time":"1 minute"},"schema":{"@context":"https:\/\/schema.org","@graph":[{"@type":"WebPage","@id":"https:\/\/www.filkon-rf.com\/faaliyet-alanlarix\/","url":"https:\/\/www.filkon-rf.com\/faaliyet-alanlarix\/","name":"FAAL\u0130YET ALANLARI - F\u0130LKON ELEKTRON\u0130K","isPartOf":{"@id":"https:\/\/www.filkon-rf.com\/#website"},"datePublished":"2018-11-29T13:04:15+00:00","dateModified":"2025-11-06T18:38:16+00:00","description":"FAAL\u0130YET ALANLARI RF ve Mikrodalga Tasar\u0131m Haberle\u015fme, radar ve elektronik harp sistemleri i\u00e7in RF ve mikrodalga sistem, alt sistem ve mod\u00fcl","breadcrumb":{"@id":"https:\/\/www.filkon-rf.com\/faaliyet-alanlarix\/#breadcrumb"},"inLanguage":"en-US","potentialAction":[{"@type":"ReadAction","target":["https:\/\/www.filkon-rf.com\/faaliyet-alanlarix\/"]}]},{"@type":"BreadcrumbList","@id":"https:\/\/www.filkon-rf.com\/faaliyet-alanlarix\/#breadcrumb","itemListElement":[{"@type":"ListItem","position":1,"name":"Home","item":"https:\/\/www.filkon-rf.com\/"},{"@type":"ListItem","position":2,"name":"FAAL\u0130YET ALANLARI"}]},{"@type":"WebSite","@id":"https:\/\/www.filkon-rf.com\/#website","url":"https:\/\/www.filkon-rf.com\/","name":"F\u0130LKON ELEKTRON\u0130K","description":"RF - Mikrodalga Tasar\u0131m","publisher":{"@id":"https:\/\/www.filkon-rf.com\/#organization"},"potentialAction":[{"@type":"SearchAction","target":{"@type":"EntryPoint","urlTemplate":"https:\/\/www.filkon-rf.com\/?s={search_term_string}"},"query-input":{"@type":"PropertyValueSpecification","valueRequired":true,"valueName":"search_term_string"}}],"inLanguage":"en-US"},{"@type":"Organization","@id":"https:\/\/www.filkon-rf.com\/#organization","name":"Filkon Elektronik","url":"https:\/\/www.filkon-rf.com\/","logo":{"@type":"ImageObject","inLanguage":"en-US","@id":"https:\/\/www.filkon-rf.com\/#\/schema\/logo\/image\/","url":"https:\/\/www.filkon-rf.com\/wp-content\/uploads\/2018\/12\/FilkonLogo_Transp0.png","contentUrl":"https:\/\/www.filkon-rf.com\/wp-content\/uploads\/2018\/12\/FilkonLogo_Transp0.png","width":152,"height":61,"caption":"Filkon Elektronik"},"image":{"@id":"https:\/\/www.filkon-rf.com\/#\/schema\/logo\/image\/"}}]}},"_links":{"self":[{"href":"https:\/\/www.filkon-rf.com\/en\/wp-json\/wp\/v2\/pages\/1217","targetHints":{"allow":["GET"]}}],"collection":[{"href":"https:\/\/www.filkon-rf.com\/en\/wp-json\/wp\/v2\/pages"}],"about":[{"href":"https:\/\/www.filkon-rf.com\/en\/wp-json\/wp\/v2\/types\/page"}],"author":[{"embeddable":true,"href":"https:\/\/www.filkon-rf.com\/en\/wp-json\/wp\/v2\/users\/1"}],"replies":[{"embeddable":true,"href":"https:\/\/www.filkon-rf.com\/en\/wp-json\/wp\/v2\/comments?post=1217"}],"version-history":[{"count":32,"href":"https:\/\/www.filkon-rf.com\/en\/wp-json\/wp\/v2\/pages\/1217\/revisions"}],"predecessor-version":[{"id":1793,"href":"https:\/\/www.filkon-rf.com\/en\/wp-json\/wp\/v2\/pages\/1217\/revisions\/1793"}],"wp:attachment":[{"href":"https:\/\/www.filkon-rf.com\/en\/wp-json\/wp\/v2\/media?parent=1217"}],"curies":[{"name":"wp","href":"https:\/\/api.w.org\/{rel}","templated":true}]}}