{"id":1515,"date":"2019-01-28T14:01:39","date_gmt":"2019-01-28T12:01:39","guid":{"rendered":"http:\/\/www.filkon-rf.com\/?page_id=1515"},"modified":"2025-11-06T21:00:08","modified_gmt":"2025-11-06T19:00:08","slug":"kara-sistemleri","status":"publish","type":"page","link":"https:\/\/www.filkon-rf.com\/en\/kara-sistemleri\/","title":{"rendered":"GROUND BASE \nSYSTEMS"},"content":{"rendered":"<div data-elementor-type=\"wp-post\" data-elementor-id=\"1515\" class=\"elementor elementor-1515\">\n\t\t\t\t\t\t<section class=\"elementor-section elementor-top-section elementor-element elementor-element-2c3b3e74 elementor-section-boxed elementor-section-height-default elementor-section-height-default\" data-id=\"2c3b3e74\" data-element_type=\"section\" data-e-type=\"section\">\n\t\t\t\t\t\t<div class=\"elementor-container elementor-column-gap-default\">\n\t\t\t\t\t<div class=\"elementor-column elementor-col-100 elementor-top-column elementor-element elementor-element-5f27a064\" data-id=\"5f27a064\" data-element_type=\"column\" data-e-type=\"column\">\n\t\t\t<div class=\"elementor-widget-wrap elementor-element-populated\">\n\t\t\t\t\t\t<div class=\"elementor-element elementor-element-17aefb3f elementor-widget elementor-widget-heading\" data-id=\"17aefb3f\" data-element_type=\"widget\" data-e-type=\"widget\" data-widget_type=\"heading.default\">\n\t\t\t\t<div class=\"elementor-widget-container\">\n\t\t\t\t\t<h3 class=\"elementor-heading-title elementor-size-default\">GROUND BASE \nSYSTEMS<\/h3>\t\t\t\t<\/div>\n\t\t\t\t<\/div>\n\t\t\t\t\t<\/div>\n\t\t<\/div>\n\t\t\t\t\t<\/div>\n\t\t<\/section>\n\t\t\t\t<section class=\"elementor-section elementor-top-section elementor-element elementor-element-9bcaa1c elementor-section-boxed elementor-section-height-default elementor-section-height-default\" data-id=\"9bcaa1c\" data-element_type=\"section\" data-e-type=\"section\">\n\t\t\t\t\t\t<div class=\"elementor-container elementor-column-gap-default\">\n\t\t\t\t\t<div class=\"elementor-column elementor-col-33 elementor-top-column elementor-element elementor-element-b1b7793\" data-id=\"b1b7793\" data-element_type=\"column\" data-e-type=\"column\">\n\t\t\t<div class=\"elementor-widget-wrap elementor-element-populated\">\n\t\t\t\t\t\t<div class=\"elementor-element elementor-element-d209c04 elementor-widget elementor-widget-image\" data-id=\"d209c04\" data-element_type=\"widget\" data-e-type=\"widget\" data-widget_type=\"image.default\">\n\t\t\t\t<div class=\"elementor-widget-container\">\n\t\t\t\t\t\t\t\t\t\t\t\t\t\t\t<img decoding=\"async\" src=\"https:\/\/www.filkon-rf.com\/wp-content\/uploads\/2019\/05\/hatu_06_mod2_407.jpg\" title=\"hatu_06_mod2_407\" alt=\"hatu_06_mod2_407\" loading=\"lazy\" \/>\t\t\t\t\t\t\t\t\t\t\t\t\t\t\t<\/div>\n\t\t\t\t<\/div>\n\t\t\t\t\t<\/div>\n\t\t<\/div>\n\t\t\t\t<div class=\"elementor-column elementor-col-66 elementor-top-column elementor-element elementor-element-e6addd6\" data-id=\"e6addd6\" data-element_type=\"column\" data-e-type=\"column\">\n\t\t\t<div class=\"elementor-widget-wrap elementor-element-populated\">\n\t\t\t\t\t\t<div class=\"elementor-element elementor-element-07f3673 elementor-widget elementor-widget-heading\" data-id=\"07f3673\" data-element_type=\"widget\" data-e-type=\"widget\" data-widget_type=\"heading.default\">\n\t\t\t\t<div class=\"elementor-widget-container\">\n\t\t\t\t\t<h3 class=\"elementor-heading-title elementor-size-default\">HF ANTENNA MATCHING UNIT<\/h3>\t\t\t\t<\/div>\n\t\t\t\t<\/div>\n\t\t\t\t<div class=\"elementor-element elementor-element-65fbc66 elementor-widget-divider--view-line elementor-widget elementor-widget-divider\" data-id=\"65fbc66\" data-element_type=\"widget\" data-e-type=\"widget\" data-widget_type=\"divider.default\">\n\t\t\t\t<div class=\"elementor-widget-container\">\n\t\t\t\t\t\t\t<div class=\"elementor-divider\">\n\t\t\t<span class=\"elementor-divider-separator\">\n\t\t\t\t\t\t<\/span>\n\t\t<\/div>\n\t\t\t\t\t\t<\/div>\n\t\t\t\t<\/div>\n\t\t\t\t<div class=\"elementor-element elementor-element-68ebd9c elementor-widget elementor-widget-text-editor\" data-id=\"68ebd9c\" data-element_type=\"widget\" data-e-type=\"widget\" data-widget_type=\"text-editor.default\">\n\t\t\t\t<div class=\"elementor-widget-container\">\n\t\t\t\t\t\t\t\t\t<ul><li>Operating Frequency Band: 1.5 - 30 MHz<\/li><li>Input Power: 1 kW Nominal<\/li><\/ul>\t\t\t\t\t\t\t\t<\/div>\n\t\t\t\t<\/div>\n\t\t\t\t\t<\/div>\n\t\t<\/div>\n\t\t\t\t\t<\/div>\n\t\t<\/section>\n\t\t\t\t<section class=\"elementor-section elementor-top-section elementor-element elementor-element-d0215cc elementor-section-boxed elementor-section-height-default elementor-section-height-default\" data-id=\"d0215cc\" data-element_type=\"section\" data-e-type=\"section\">\n\t\t\t\t\t\t<div class=\"elementor-container elementor-column-gap-default\">\n\t\t\t\t\t<div class=\"elementor-column elementor-col-33 elementor-top-column elementor-element elementor-element-c17e4c2\" data-id=\"c17e4c2\" data-element_type=\"column\" data-e-type=\"column\">\n\t\t\t<div class=\"elementor-widget-wrap elementor-element-populated\">\n\t\t\t\t\t\t<div class=\"elementor-element elementor-element-52187b4 elementor-widget elementor-widget-image\" data-id=\"52187b4\" data-element_type=\"widget\" data-e-type=\"widget\" data-widget_type=\"image.default\">\n\t\t\t\t<div class=\"elementor-widget-container\">\n\t\t\t\t\t\t\t\t\t\t\t\t\t\t\t<img decoding=\"async\" src=\"https:\/\/www.filkon-rf.com\/wp-content\/uploads\/2018\/09\/Resim1.jpg\" title=\"Resim1\" alt=\"Resim1\" loading=\"lazy\" \/>\t\t\t\t\t\t\t\t\t\t\t\t\t\t\t<\/div>\n\t\t\t\t<\/div>\n\t\t\t\t\t<\/div>\n\t\t<\/div>\n\t\t\t\t<div class=\"elementor-column elementor-col-66 elementor-top-column elementor-element elementor-element-81dd2ce\" data-id=\"81dd2ce\" data-element_type=\"column\" data-e-type=\"column\">\n\t\t\t<div class=\"elementor-widget-wrap elementor-element-populated\">\n\t\t\t\t\t\t<div class=\"elementor-element elementor-element-727f864 elementor-widget elementor-widget-heading\" data-id=\"727f864\" data-element_type=\"widget\" data-e-type=\"widget\" data-widget_type=\"heading.default\">\n\t\t\t\t<div class=\"elementor-widget-container\">\n\t\t\t\t\t<h3 class=\"elementor-heading-title elementor-size-default\">HF SMART ANTENNA TUNING UNIT<\/h3>\t\t\t\t<\/div>\n\t\t\t\t<\/div>\n\t\t\t\t<div class=\"elementor-element elementor-element-89029e3 elementor-widget-divider--view-line elementor-widget elementor-widget-divider\" data-id=\"89029e3\" data-element_type=\"widget\" data-e-type=\"widget\" data-widget_type=\"divider.default\">\n\t\t\t\t<div class=\"elementor-widget-container\">\n\t\t\t\t\t\t\t<div class=\"elementor-divider\">\n\t\t\t<span class=\"elementor-divider-separator\">\n\t\t\t\t\t\t<\/span>\n\t\t<\/div>\n\t\t\t\t\t\t<\/div>\n\t\t\t\t<\/div>\n\t\t\t\t\t<\/div>\n\t\t<\/div>\n\t\t\t\t\t<\/div>\n\t\t<\/section>\n\t\t\t\t<\/div>","protected":false},"excerpt":{"rendered":"<p>KARA S\u0130STEMLER\u0130 HF ANTEN UYUMLAMA B\u0130R\u0130M\u0130 \u00c7al\u0131\u015fma Frekans Band\u0131: 1.5 &#8211; 30 MHz Birim Giri\u015f G\u00fcc\u00fc: Nominal 1kW HF \u00d6\u011eRENEN ANTEN BA\u011eLACI<\/p>","protected":false},"author":1,"featured_media":0,"parent":0,"menu_order":0,"comment_status":"closed","ping_status":"closed","template":"page-templates\/fullwidth-content.php","meta":{"footnotes":""},"class_list":["post-1515","page","type-page","status-publish","hentry"],"yoast_head":"<!-- This site is optimized with the Yoast SEO plugin v27.4 - https:\/\/yoast.com\/product\/yoast-seo-wordpress\/ -->\n<title>KARA S\u0130STEMLER\u0130 - F\u0130LKON ELEKTRON\u0130K<\/title>\n<meta name=\"description\" content=\"KARA S\u0130STEMLER\u0130 HF ANTEN UYUMLAMA B\u0130R\u0130M\u0130 \u00c7al\u0131\u015fma Frekans Band\u0131: 1.5 - 30 MHzBirim Giri\u015f G\u00fcc\u00fc: Nominal 1kW HF \u00d6\u011eRENEN ANTEN\" \/>\n<meta name=\"robots\" content=\"index, follow, max-snippet:-1, max-image-preview:large, max-video-preview:-1\" \/>\n<link rel=\"canonical\" href=\"https:\/\/www.filkon-rf.com\/en\/kara-sistemleri\/\" \/>\n<meta property=\"og:locale\" content=\"en_US\" \/>\n<meta property=\"og:type\" content=\"article\" \/>\n<meta property=\"og:title\" content=\"KARA S\u0130STEMLER\u0130 - F\u0130LKON ELEKTRON\u0130K\" \/>\n<meta property=\"og:description\" content=\"KARA S\u0130STEMLER\u0130 HF ANTEN UYUMLAMA B\u0130R\u0130M\u0130 \u00c7al\u0131\u015fma Frekans Band\u0131: 1.5 - 30 MHzBirim Giri\u015f G\u00fcc\u00fc: Nominal 1kW HF \u00d6\u011eRENEN ANTEN\" \/>\n<meta property=\"og:url\" content=\"https:\/\/www.filkon-rf.com\/en\/kara-sistemleri\/\" \/>\n<meta property=\"og:site_name\" content=\"F\u0130LKON ELEKTRON\u0130K\" \/>\n<meta property=\"article:modified_time\" content=\"2025-11-06T19:00:08+00:00\" \/>\n<meta property=\"og:image\" content=\"https:\/\/www.filkon-rf.com\/wp-content\/uploads\/2019\/05\/hatu_06_mod2_407.jpg\" \/>\n<meta name=\"twitter:card\" content=\"summary_large_image\" \/>\n<meta name=\"twitter:label1\" content=\"Est. reading time\" \/>\n\t<meta name=\"twitter:data1\" content=\"1 minute\" \/>\n<script type=\"application\/ld+json\" class=\"yoast-schema-graph\">{\"@context\":\"https:\\\/\\\/schema.org\",\"@graph\":[{\"@type\":\"WebPage\",\"@id\":\"https:\\\/\\\/www.filkon-rf.com\\\/kara-sistemleri\\\/\",\"url\":\"https:\\\/\\\/www.filkon-rf.com\\\/kara-sistemleri\\\/\",\"name\":\"KARA S\u0130STEMLER\u0130 - F\u0130LKON ELEKTRON\u0130K\",\"isPartOf\":{\"@id\":\"https:\\\/\\\/www.filkon-rf.com\\\/#website\"},\"primaryImageOfPage\":{\"@id\":\"https:\\\/\\\/www.filkon-rf.com\\\/kara-sistemleri\\\/#primaryimage\"},\"image\":{\"@id\":\"https:\\\/\\\/www.filkon-rf.com\\\/kara-sistemleri\\\/#primaryimage\"},\"thumbnailUrl\":\"https:\\\/\\\/www.filkon-rf.com\\\/wp-content\\\/uploads\\\/2019\\\/05\\\/hatu_06_mod2_407.jpg\",\"datePublished\":\"2019-01-28T12:01:39+00:00\",\"dateModified\":\"2025-11-06T19:00:08+00:00\",\"description\":\"KARA S\u0130STEMLER\u0130 HF ANTEN UYUMLAMA B\u0130R\u0130M\u0130 \u00c7al\u0131\u015fma Frekans Band\u0131: 1.5 - 30 MHzBirim Giri\u015f G\u00fcc\u00fc: Nominal 1kW HF \u00d6\u011eRENEN ANTEN\",\"breadcrumb\":{\"@id\":\"https:\\\/\\\/www.filkon-rf.com\\\/kara-sistemleri\\\/#breadcrumb\"},\"inLanguage\":\"en-US\",\"potentialAction\":[{\"@type\":\"ReadAction\",\"target\":[\"https:\\\/\\\/www.filkon-rf.com\\\/kara-sistemleri\\\/\"]}]},{\"@type\":\"ImageObject\",\"inLanguage\":\"en-US\",\"@id\":\"https:\\\/\\\/www.filkon-rf.com\\\/kara-sistemleri\\\/#primaryimage\",\"url\":\"https:\\\/\\\/www.filkon-rf.com\\\/wp-content\\\/uploads\\\/2019\\\/05\\\/hatu_06_mod2_407.jpg\",\"contentUrl\":\"https:\\\/\\\/www.filkon-rf.com\\\/wp-content\\\/uploads\\\/2019\\\/05\\\/hatu_06_mod2_407.jpg\"},{\"@type\":\"BreadcrumbList\",\"@id\":\"https:\\\/\\\/www.filkon-rf.com\\\/kara-sistemleri\\\/#breadcrumb\",\"itemListElement\":[{\"@type\":\"ListItem\",\"position\":1,\"name\":\"Home\",\"item\":\"https:\\\/\\\/www.filkon-rf.com\\\/\"},{\"@type\":\"ListItem\",\"position\":2,\"name\":\"KARA S\u0130STEMLER\u0130\"}]},{\"@type\":\"WebSite\",\"@id\":\"https:\\\/\\\/www.filkon-rf.com\\\/#website\",\"url\":\"https:\\\/\\\/www.filkon-rf.com\\\/\",\"name\":\"F\u0130LKON ELEKTRON\u0130K\",\"description\":\"RF - Mikrodalga Tasar\u0131m\",\"publisher\":{\"@id\":\"https:\\\/\\\/www.filkon-rf.com\\\/#organization\"},\"potentialAction\":[{\"@type\":\"SearchAction\",\"target\":{\"@type\":\"EntryPoint\",\"urlTemplate\":\"https:\\\/\\\/www.filkon-rf.com\\\/?s={search_term_string}\"},\"query-input\":{\"@type\":\"PropertyValueSpecification\",\"valueRequired\":true,\"valueName\":\"search_term_string\"}}],\"inLanguage\":\"en-US\"},{\"@type\":\"Organization\",\"@id\":\"https:\\\/\\\/www.filkon-rf.com\\\/#organization\",\"name\":\"Filkon Elektronik\",\"url\":\"https:\\\/\\\/www.filkon-rf.com\\\/\",\"logo\":{\"@type\":\"ImageObject\",\"inLanguage\":\"en-US\",\"@id\":\"https:\\\/\\\/www.filkon-rf.com\\\/#\\\/schema\\\/logo\\\/image\\\/\",\"url\":\"https:\\\/\\\/www.filkon-rf.com\\\/wp-content\\\/uploads\\\/2018\\\/12\\\/FilkonLogo_Transp0.png\",\"contentUrl\":\"https:\\\/\\\/www.filkon-rf.com\\\/wp-content\\\/uploads\\\/2018\\\/12\\\/FilkonLogo_Transp0.png\",\"width\":152,\"height\":61,\"caption\":\"Filkon Elektronik\"},\"image\":{\"@id\":\"https:\\\/\\\/www.filkon-rf.com\\\/#\\\/schema\\\/logo\\\/image\\\/\"}}]}<\/script>\n<!-- \/ Yoast SEO plugin. -->","yoast_head_json":{"title":"KARA S\u0130STEMLER\u0130 - F\u0130LKON ELEKTRON\u0130K","description":"KARA S\u0130STEMLER\u0130 HF ANTEN UYUMLAMA B\u0130R\u0130M\u0130 \u00c7al\u0131\u015fma Frekans Band\u0131: 1.5 - 30 MHzBirim Giri\u015f G\u00fcc\u00fc: Nominal 1kW HF \u00d6\u011eRENEN ANTEN","robots":{"index":"index","follow":"follow","max-snippet":"max-snippet:-1","max-image-preview":"max-image-preview:large","max-video-preview":"max-video-preview:-1"},"canonical":"https:\/\/www.filkon-rf.com\/en\/kara-sistemleri\/","og_locale":"en_US","og_type":"article","og_title":"KARA S\u0130STEMLER\u0130 - F\u0130LKON ELEKTRON\u0130K","og_description":"KARA S\u0130STEMLER\u0130 HF ANTEN UYUMLAMA B\u0130R\u0130M\u0130 \u00c7al\u0131\u015fma Frekans Band\u0131: 1.5 - 30 MHzBirim Giri\u015f G\u00fcc\u00fc: Nominal 1kW HF \u00d6\u011eRENEN ANTEN","og_url":"https:\/\/www.filkon-rf.com\/en\/kara-sistemleri\/","og_site_name":"F\u0130LKON ELEKTRON\u0130K","article_modified_time":"2025-11-06T19:00:08+00:00","og_image":[{"url":"https:\/\/www.filkon-rf.com\/wp-content\/uploads\/2019\/05\/hatu_06_mod2_407.jpg","type":"","width":"","height":""}],"twitter_card":"summary_large_image","twitter_misc":{"Est. reading time":"1 minute"},"schema":{"@context":"https:\/\/schema.org","@graph":[{"@type":"WebPage","@id":"https:\/\/www.filkon-rf.com\/kara-sistemleri\/","url":"https:\/\/www.filkon-rf.com\/kara-sistemleri\/","name":"KARA S\u0130STEMLER\u0130 - F\u0130LKON ELEKTRON\u0130K","isPartOf":{"@id":"https:\/\/www.filkon-rf.com\/#website"},"primaryImageOfPage":{"@id":"https:\/\/www.filkon-rf.com\/kara-sistemleri\/#primaryimage"},"image":{"@id":"https:\/\/www.filkon-rf.com\/kara-sistemleri\/#primaryimage"},"thumbnailUrl":"https:\/\/www.filkon-rf.com\/wp-content\/uploads\/2019\/05\/hatu_06_mod2_407.jpg","datePublished":"2019-01-28T12:01:39+00:00","dateModified":"2025-11-06T19:00:08+00:00","description":"KARA S\u0130STEMLER\u0130 HF ANTEN UYUMLAMA B\u0130R\u0130M\u0130 \u00c7al\u0131\u015fma Frekans Band\u0131: 1.5 - 30 MHzBirim Giri\u015f G\u00fcc\u00fc: Nominal 1kW HF \u00d6\u011eRENEN ANTEN","breadcrumb":{"@id":"https:\/\/www.filkon-rf.com\/kara-sistemleri\/#breadcrumb"},"inLanguage":"en-US","potentialAction":[{"@type":"ReadAction","target":["https:\/\/www.filkon-rf.com\/kara-sistemleri\/"]}]},{"@type":"ImageObject","inLanguage":"en-US","@id":"https:\/\/www.filkon-rf.com\/kara-sistemleri\/#primaryimage","url":"https:\/\/www.filkon-rf.com\/wp-content\/uploads\/2019\/05\/hatu_06_mod2_407.jpg","contentUrl":"https:\/\/www.filkon-rf.com\/wp-content\/uploads\/2019\/05\/hatu_06_mod2_407.jpg"},{"@type":"BreadcrumbList","@id":"https:\/\/www.filkon-rf.com\/kara-sistemleri\/#breadcrumb","itemListElement":[{"@type":"ListItem","position":1,"name":"Home","item":"https:\/\/www.filkon-rf.com\/"},{"@type":"ListItem","position":2,"name":"KARA S\u0130STEMLER\u0130"}]},{"@type":"WebSite","@id":"https:\/\/www.filkon-rf.com\/#website","url":"https:\/\/www.filkon-rf.com\/","name":"F\u0130LKON ELEKTRON\u0130K","description":"RF - Mikrodalga Tasar\u0131m","publisher":{"@id":"https:\/\/www.filkon-rf.com\/#organization"},"potentialAction":[{"@type":"SearchAction","target":{"@type":"EntryPoint","urlTemplate":"https:\/\/www.filkon-rf.com\/?s={search_term_string}"},"query-input":{"@type":"PropertyValueSpecification","valueRequired":true,"valueName":"search_term_string"}}],"inLanguage":"en-US"},{"@type":"Organization","@id":"https:\/\/www.filkon-rf.com\/#organization","name":"Filkon Elektronik","url":"https:\/\/www.filkon-rf.com\/","logo":{"@type":"ImageObject","inLanguage":"en-US","@id":"https:\/\/www.filkon-rf.com\/#\/schema\/logo\/image\/","url":"https:\/\/www.filkon-rf.com\/wp-content\/uploads\/2018\/12\/FilkonLogo_Transp0.png","contentUrl":"https:\/\/www.filkon-rf.com\/wp-content\/uploads\/2018\/12\/FilkonLogo_Transp0.png","width":152,"height":61,"caption":"Filkon Elektronik"},"image":{"@id":"https:\/\/www.filkon-rf.com\/#\/schema\/logo\/image\/"}}]}},"_links":{"self":[{"href":"https:\/\/www.filkon-rf.com\/en\/wp-json\/wp\/v2\/pages\/1515","targetHints":{"allow":["GET"]}}],"collection":[{"href":"https:\/\/www.filkon-rf.com\/en\/wp-json\/wp\/v2\/pages"}],"about":[{"href":"https:\/\/www.filkon-rf.com\/en\/wp-json\/wp\/v2\/types\/page"}],"author":[{"embeddable":true,"href":"https:\/\/www.filkon-rf.com\/en\/wp-json\/wp\/v2\/users\/1"}],"replies":[{"embeddable":true,"href":"https:\/\/www.filkon-rf.com\/en\/wp-json\/wp\/v2\/comments?post=1515"}],"version-history":[{"count":8,"href":"https:\/\/www.filkon-rf.com\/en\/wp-json\/wp\/v2\/pages\/1515\/revisions"}],"predecessor-version":[{"id":1816,"href":"https:\/\/www.filkon-rf.com\/en\/wp-json\/wp\/v2\/pages\/1515\/revisions\/1816"}],"wp:attachment":[{"href":"https:\/\/www.filkon-rf.com\/en\/wp-json\/wp\/v2\/media?parent=1515"}],"curies":[{"name":"wp","href":"https:\/\/api.w.org\/{rel}","templated":true}]}}