{"id":1518,"date":"2019-01-28T14:04:04","date_gmt":"2019-01-28T12:04:04","guid":{"rendered":"http:\/\/www.filkon-rf.com\/?page_id=1518"},"modified":"2025-11-06T20:57:27","modified_gmt":"2025-11-06T18:57:27","slug":"hava-sistemleri","status":"publish","type":"page","link":"https:\/\/www.filkon-rf.com\/en\/hava-sistemleri\/","title":{"rendered":"AIR \nPLATFORM"},"content":{"rendered":"<div data-elementor-type=\"wp-post\" data-elementor-id=\"1518\" class=\"elementor elementor-1518\">\n\t\t\t\t\t\t<section class=\"elementor-section elementor-top-section elementor-element elementor-element-2c3b3e74 elementor-section-boxed elementor-section-height-default elementor-section-height-default\" data-id=\"2c3b3e74\" data-element_type=\"section\" data-e-type=\"section\">\n\t\t\t\t\t\t<div class=\"elementor-container elementor-column-gap-default\">\n\t\t\t\t\t<div class=\"elementor-column elementor-col-100 elementor-top-column elementor-element elementor-element-5f27a064\" data-id=\"5f27a064\" data-element_type=\"column\" data-e-type=\"column\">\n\t\t\t<div class=\"elementor-widget-wrap elementor-element-populated\">\n\t\t\t\t\t\t<div class=\"elementor-element elementor-element-17aefb3f elementor-widget elementor-widget-heading\" data-id=\"17aefb3f\" data-element_type=\"widget\" data-e-type=\"widget\" data-widget_type=\"heading.default\">\n\t\t\t\t<div class=\"elementor-widget-container\">\n\t\t\t\t\t<h3 class=\"elementor-heading-title elementor-size-default\">AIR \nPLATFORM<\/h3>\t\t\t\t<\/div>\n\t\t\t\t<\/div>\n\t\t\t\t\t<\/div>\n\t\t<\/div>\n\t\t\t\t\t<\/div>\n\t\t<\/section>\n\t\t\t\t<section class=\"elementor-section elementor-top-section elementor-element elementor-element-86e7b45 elementor-section-boxed elementor-section-height-default elementor-section-height-default\" data-id=\"86e7b45\" data-element_type=\"section\" data-e-type=\"section\">\n\t\t\t\t\t\t<div class=\"elementor-container elementor-column-gap-default\">\n\t\t\t\t\t<div class=\"elementor-column elementor-col-33 elementor-top-column elementor-element elementor-element-1aa6bf0\" data-id=\"1aa6bf0\" data-element_type=\"column\" data-e-type=\"column\">\n\t\t\t<div class=\"elementor-widget-wrap elementor-element-populated\">\n\t\t\t\t\t\t<div class=\"elementor-element elementor-element-653f595 elementor-widget elementor-widget-image\" data-id=\"653f595\" data-element_type=\"widget\" data-e-type=\"widget\" data-widget_type=\"image.default\">\n\t\t\t\t<div class=\"elementor-widget-container\">\n\t\t\t\t\t\t\t\t\t\t\t\t\t\t\t<img decoding=\"async\" src=\"https:\/\/www.filkon-rf.com\/wp-content\/uploads\/2018\/11\/Resim10.jpg\" title=\"Resim10\" alt=\"Resim10\" loading=\"lazy\" \/>\t\t\t\t\t\t\t\t\t\t\t\t\t\t\t<\/div>\n\t\t\t\t<\/div>\n\t\t\t\t\t<\/div>\n\t\t<\/div>\n\t\t\t\t<div class=\"elementor-column elementor-col-66 elementor-top-column elementor-element elementor-element-56bd9fe\" data-id=\"56bd9fe\" data-element_type=\"column\" data-e-type=\"column\">\n\t\t\t<div class=\"elementor-widget-wrap elementor-element-populated\">\n\t\t\t\t\t\t<div class=\"elementor-element elementor-element-66da297 elementor-widget elementor-widget-heading\" data-id=\"66da297\" data-element_type=\"widget\" data-e-type=\"widget\" data-widget_type=\"heading.default\">\n\t\t\t\t<div class=\"elementor-widget-container\">\n\t\t\t\t\t<h3 class=\"elementor-heading-title elementor-size-default\">HFTRAUB230 ANTENNA TUNING UNIT<\/h3>\t\t\t\t<\/div>\n\t\t\t\t<\/div>\n\t\t\t\t<div class=\"elementor-element elementor-element-24b8495 elementor-widget-divider--view-line elementor-widget elementor-widget-divider\" data-id=\"24b8495\" data-element_type=\"widget\" data-e-type=\"widget\" data-widget_type=\"divider.default\">\n\t\t\t\t<div class=\"elementor-widget-container\">\n\t\t\t\t\t\t\t<div class=\"elementor-divider\">\n\t\t\t<span class=\"elementor-divider-separator\">\n\t\t\t\t\t\t<\/span>\n\t\t<\/div>\n\t\t\t\t\t\t<\/div>\n\t\t\t\t<\/div>\n\t\t\t\t<div class=\"elementor-element elementor-element-cd76306 elementor-widget elementor-widget-text-editor\" data-id=\"cd76306\" data-element_type=\"widget\" data-e-type=\"widget\" data-widget_type=\"text-editor.default\">\n\t\t\t\t<div class=\"elementor-widget-container\">\n\t\t\t\t\t\t\t\t\t<p>HFTRAUB 230 Antenna Tunning Unit, tunes the impedance of Towel Rail Type Antennas and provides two RF ports: a monitoring port with 50 Ohm input impedance and a direction finding port.<\/p>\t\t\t\t\t\t\t\t<\/div>\n\t\t\t\t<\/div>\n\t\t\t\t\t<\/div>\n\t\t<\/div>\n\t\t\t\t\t<\/div>\n\t\t<\/section>\n\t\t\t\t<section class=\"elementor-section elementor-top-section elementor-element elementor-element-a5be9c2 elementor-section-boxed elementor-section-height-default elementor-section-height-default\" data-id=\"a5be9c2\" data-element_type=\"section\" data-e-type=\"section\">\n\t\t\t\t\t\t<div class=\"elementor-container elementor-column-gap-default\">\n\t\t\t\t\t<div class=\"elementor-column elementor-col-33 elementor-top-column elementor-element elementor-element-ae7dd59\" data-id=\"ae7dd59\" data-element_type=\"column\" data-e-type=\"column\">\n\t\t\t<div class=\"elementor-widget-wrap elementor-element-populated\">\n\t\t\t\t\t\t<div class=\"elementor-element elementor-element-5a43cca elementor-widget elementor-widget-image\" data-id=\"5a43cca\" data-element_type=\"widget\" data-e-type=\"widget\" data-widget_type=\"image.default\">\n\t\t\t\t<div class=\"elementor-widget-container\">\n\t\t\t\t\t\t\t\t\t\t\t\t\t\t\t<img decoding=\"async\" src=\"https:\/\/www.filkon-rf.com\/wp-content\/uploads\/2019\/01\/HavaAnten2.jpg\" title=\"HavaAnten2\" alt=\"HavaAnten2\" loading=\"lazy\" \/>\t\t\t\t\t\t\t\t\t\t\t\t\t\t\t<\/div>\n\t\t\t\t<\/div>\n\t\t\t\t\t<\/div>\n\t\t<\/div>\n\t\t\t\t<div class=\"elementor-column elementor-col-66 elementor-top-column elementor-element elementor-element-cc5d027\" data-id=\"cc5d027\" data-element_type=\"column\" data-e-type=\"column\">\n\t\t\t<div class=\"elementor-widget-wrap elementor-element-populated\">\n\t\t\t\t\t\t<div class=\"elementor-element elementor-element-78d53fd elementor-widget elementor-widget-heading\" data-id=\"78d53fd\" data-element_type=\"widget\" data-e-type=\"widget\" data-widget_type=\"heading.default\">\n\t\t\t\t<div class=\"elementor-widget-container\">\n\t\t\t\t\t<h3 class=\"elementor-heading-title elementor-size-default\">AERIAL ANTENNA TUNING UNIT<\/h3>\t\t\t\t<\/div>\n\t\t\t\t<\/div>\n\t\t\t\t<div class=\"elementor-element elementor-element-e18c26a elementor-widget-divider--view-line elementor-widget elementor-widget-divider\" data-id=\"e18c26a\" data-element_type=\"widget\" data-e-type=\"widget\" data-widget_type=\"divider.default\">\n\t\t\t\t<div class=\"elementor-widget-container\">\n\t\t\t\t\t\t\t<div class=\"elementor-divider\">\n\t\t\t<span class=\"elementor-divider-separator\">\n\t\t\t\t\t\t<\/span>\n\t\t<\/div>\n\t\t\t\t\t\t<\/div>\n\t\t\t\t<\/div>\n\t\t\t\t<div class=\"elementor-element elementor-element-df3e528 elementor-widget elementor-widget-text-editor\" data-id=\"df3e528\" data-element_type=\"widget\" data-e-type=\"widget\" data-widget_type=\"text-editor.default\">\n\t\t\t\t<div class=\"elementor-widget-container\">\n\t\t\t\t\t\t\t\t\t<p>Air antenna tuning unit (ATU), performs impedance mathing to transfer power for antennas like HF Towel Bar, Notch, Shunt, Wire) with minimum loss at 1.6-30 MHz frequency interval.<\/p>\t\t\t\t\t\t\t\t<\/div>\n\t\t\t\t<\/div>\n\t\t\t\t\t<\/div>\n\t\t<\/div>\n\t\t\t\t\t<\/div>\n\t\t<\/section>\n\t\t\t\t<\/div>","protected":false},"excerpt":{"rendered":"<p>HAVA S\u0130STEMLER\u0130 HFTRAUB230 ANTEN UYUMLAMA B\u0130R\u0130M\u0130 HFTRAUB 230 Anten Uyumlama Birimi (AUB), 2-30 MHz frekans aral\u0131\u011f\u0131nda, HF Towel Rail tipindeki antenler i\u00e7in en az kay\u0131pla g\u00fc\u00e7 aktar\u0131m\u0131 sa\u011flamak \u00fczere empedans uyumlamas\u0131 yapmaktad\u0131r. HAVA ANTEN UYUMLAMA B\u0130R\u0130M\u0130 Hava\u00a0 Anten Uyumlama Birimi (AUB), 1.6-30 MHz frekans aral\u0131\u011f\u0131nda, HF Towel Bar, Notch, Shunt, Wire tipindeki antenler i\u00e7in en [&hellip;]<\/p>\n","protected":false},"author":1,"featured_media":0,"parent":0,"menu_order":0,"comment_status":"closed","ping_status":"closed","template":"page-templates\/fullwidth-content.php","meta":{"footnotes":""},"class_list":["post-1518","page","type-page","status-publish","hentry"],"yoast_head":"<!-- This site is optimized with the Yoast SEO plugin v27.4 - https:\/\/yoast.com\/product\/yoast-seo-wordpress\/ -->\n<title>HAVA S\u0130STEMLER\u0130 - F\u0130LKON ELEKTRON\u0130K<\/title>\n<meta name=\"description\" content=\"HAVA S\u0130STEMLER\u0130 HFTRAUB230 ANTEN UYUMLAMA B\u0130R\u0130M\u0130 HFTRAUB 230 Anten Uyumlama Birimi (AUB), 2-30 MHz frekans aral\u0131\u011f\u0131nda, HF Towel Rail tipindeki antenler\" \/>\n<meta name=\"robots\" content=\"index, follow, max-snippet:-1, max-image-preview:large, max-video-preview:-1\" \/>\n<link rel=\"canonical\" href=\"https:\/\/www.filkon-rf.com\/en\/hava-sistemleri\/\" \/>\n<meta property=\"og:locale\" content=\"en_US\" \/>\n<meta property=\"og:type\" content=\"article\" \/>\n<meta property=\"og:title\" content=\"HAVA S\u0130STEMLER\u0130 - F\u0130LKON ELEKTRON\u0130K\" \/>\n<meta property=\"og:description\" content=\"HAVA S\u0130STEMLER\u0130 HFTRAUB230 ANTEN UYUMLAMA B\u0130R\u0130M\u0130 HFTRAUB 230 Anten Uyumlama Birimi (AUB), 2-30 MHz frekans aral\u0131\u011f\u0131nda, HF Towel Rail tipindeki antenler\" \/>\n<meta property=\"og:url\" content=\"https:\/\/www.filkon-rf.com\/en\/hava-sistemleri\/\" \/>\n<meta property=\"og:site_name\" content=\"F\u0130LKON ELEKTRON\u0130K\" \/>\n<meta property=\"article:modified_time\" content=\"2025-11-06T18:57:27+00:00\" \/>\n<meta property=\"og:image\" content=\"https:\/\/www.filkon-rf.com\/wp-content\/uploads\/2018\/11\/Resim10.jpg\" \/>\n<meta name=\"twitter:card\" content=\"summary_large_image\" \/>\n<script type=\"application\/ld+json\" class=\"yoast-schema-graph\">{\"@context\":\"https:\\\/\\\/schema.org\",\"@graph\":[{\"@type\":\"WebPage\",\"@id\":\"https:\\\/\\\/www.filkon-rf.com\\\/hava-sistemleri\\\/\",\"url\":\"https:\\\/\\\/www.filkon-rf.com\\\/hava-sistemleri\\\/\",\"name\":\"HAVA S\u0130STEMLER\u0130 - F\u0130LKON ELEKTRON\u0130K\",\"isPartOf\":{\"@id\":\"https:\\\/\\\/www.filkon-rf.com\\\/#website\"},\"primaryImageOfPage\":{\"@id\":\"https:\\\/\\\/www.filkon-rf.com\\\/hava-sistemleri\\\/#primaryimage\"},\"image\":{\"@id\":\"https:\\\/\\\/www.filkon-rf.com\\\/hava-sistemleri\\\/#primaryimage\"},\"thumbnailUrl\":\"https:\\\/\\\/www.filkon-rf.com\\\/wp-content\\\/uploads\\\/2018\\\/11\\\/Resim10.jpg\",\"datePublished\":\"2019-01-28T12:04:04+00:00\",\"dateModified\":\"2025-11-06T18:57:27+00:00\",\"description\":\"HAVA S\u0130STEMLER\u0130 HFTRAUB230 ANTEN UYUMLAMA B\u0130R\u0130M\u0130 HFTRAUB 230 Anten Uyumlama Birimi (AUB), 2-30 MHz frekans aral\u0131\u011f\u0131nda, HF Towel Rail tipindeki antenler\",\"breadcrumb\":{\"@id\":\"https:\\\/\\\/www.filkon-rf.com\\\/hava-sistemleri\\\/#breadcrumb\"},\"inLanguage\":\"en-US\",\"potentialAction\":[{\"@type\":\"ReadAction\",\"target\":[\"https:\\\/\\\/www.filkon-rf.com\\\/hava-sistemleri\\\/\"]}]},{\"@type\":\"ImageObject\",\"inLanguage\":\"en-US\",\"@id\":\"https:\\\/\\\/www.filkon-rf.com\\\/hava-sistemleri\\\/#primaryimage\",\"url\":\"https:\\\/\\\/www.filkon-rf.com\\\/wp-content\\\/uploads\\\/2018\\\/11\\\/Resim10.jpg\",\"contentUrl\":\"https:\\\/\\\/www.filkon-rf.com\\\/wp-content\\\/uploads\\\/2018\\\/11\\\/Resim10.jpg\"},{\"@type\":\"BreadcrumbList\",\"@id\":\"https:\\\/\\\/www.filkon-rf.com\\\/hava-sistemleri\\\/#breadcrumb\",\"itemListElement\":[{\"@type\":\"ListItem\",\"position\":1,\"name\":\"Home\",\"item\":\"https:\\\/\\\/www.filkon-rf.com\\\/\"},{\"@type\":\"ListItem\",\"position\":2,\"name\":\"HAVA S\u0130STEMLER\u0130\"}]},{\"@type\":\"WebSite\",\"@id\":\"https:\\\/\\\/www.filkon-rf.com\\\/#website\",\"url\":\"https:\\\/\\\/www.filkon-rf.com\\\/\",\"name\":\"F\u0130LKON ELEKTRON\u0130K\",\"description\":\"RF - Mikrodalga Tasar\u0131m\",\"publisher\":{\"@id\":\"https:\\\/\\\/www.filkon-rf.com\\\/#organization\"},\"potentialAction\":[{\"@type\":\"SearchAction\",\"target\":{\"@type\":\"EntryPoint\",\"urlTemplate\":\"https:\\\/\\\/www.filkon-rf.com\\\/?s={search_term_string}\"},\"query-input\":{\"@type\":\"PropertyValueSpecification\",\"valueRequired\":true,\"valueName\":\"search_term_string\"}}],\"inLanguage\":\"en-US\"},{\"@type\":\"Organization\",\"@id\":\"https:\\\/\\\/www.filkon-rf.com\\\/#organization\",\"name\":\"Filkon Elektronik\",\"url\":\"https:\\\/\\\/www.filkon-rf.com\\\/\",\"logo\":{\"@type\":\"ImageObject\",\"inLanguage\":\"en-US\",\"@id\":\"https:\\\/\\\/www.filkon-rf.com\\\/#\\\/schema\\\/logo\\\/image\\\/\",\"url\":\"https:\\\/\\\/www.filkon-rf.com\\\/wp-content\\\/uploads\\\/2018\\\/12\\\/FilkonLogo_Transp0.png\",\"contentUrl\":\"https:\\\/\\\/www.filkon-rf.com\\\/wp-content\\\/uploads\\\/2018\\\/12\\\/FilkonLogo_Transp0.png\",\"width\":152,\"height\":61,\"caption\":\"Filkon Elektronik\"},\"image\":{\"@id\":\"https:\\\/\\\/www.filkon-rf.com\\\/#\\\/schema\\\/logo\\\/image\\\/\"}}]}<\/script>\n<!-- \/ Yoast SEO plugin. -->","yoast_head_json":{"title":"HAVA S\u0130STEMLER\u0130 - F\u0130LKON ELEKTRON\u0130K","description":"HAVA S\u0130STEMLER\u0130 HFTRAUB230 ANTEN UYUMLAMA B\u0130R\u0130M\u0130 HFTRAUB 230 Anten Uyumlama Birimi (AUB), 2-30 MHz frekans aral\u0131\u011f\u0131nda, HF Towel Rail tipindeki antenler","robots":{"index":"index","follow":"follow","max-snippet":"max-snippet:-1","max-image-preview":"max-image-preview:large","max-video-preview":"max-video-preview:-1"},"canonical":"https:\/\/www.filkon-rf.com\/en\/hava-sistemleri\/","og_locale":"en_US","og_type":"article","og_title":"HAVA S\u0130STEMLER\u0130 - F\u0130LKON ELEKTRON\u0130K","og_description":"HAVA S\u0130STEMLER\u0130 HFTRAUB230 ANTEN UYUMLAMA B\u0130R\u0130M\u0130 HFTRAUB 230 Anten Uyumlama Birimi (AUB), 2-30 MHz frekans aral\u0131\u011f\u0131nda, HF Towel Rail tipindeki antenler","og_url":"https:\/\/www.filkon-rf.com\/en\/hava-sistemleri\/","og_site_name":"F\u0130LKON ELEKTRON\u0130K","article_modified_time":"2025-11-06T18:57:27+00:00","og_image":[{"url":"https:\/\/www.filkon-rf.com\/wp-content\/uploads\/2018\/11\/Resim10.jpg","type":"","width":"","height":""}],"twitter_card":"summary_large_image","schema":{"@context":"https:\/\/schema.org","@graph":[{"@type":"WebPage","@id":"https:\/\/www.filkon-rf.com\/hava-sistemleri\/","url":"https:\/\/www.filkon-rf.com\/hava-sistemleri\/","name":"HAVA S\u0130STEMLER\u0130 - F\u0130LKON ELEKTRON\u0130K","isPartOf":{"@id":"https:\/\/www.filkon-rf.com\/#website"},"primaryImageOfPage":{"@id":"https:\/\/www.filkon-rf.com\/hava-sistemleri\/#primaryimage"},"image":{"@id":"https:\/\/www.filkon-rf.com\/hava-sistemleri\/#primaryimage"},"thumbnailUrl":"https:\/\/www.filkon-rf.com\/wp-content\/uploads\/2018\/11\/Resim10.jpg","datePublished":"2019-01-28T12:04:04+00:00","dateModified":"2025-11-06T18:57:27+00:00","description":"HAVA S\u0130STEMLER\u0130 HFTRAUB230 ANTEN UYUMLAMA B\u0130R\u0130M\u0130 HFTRAUB 230 Anten Uyumlama Birimi (AUB), 2-30 MHz frekans aral\u0131\u011f\u0131nda, HF Towel Rail tipindeki antenler","breadcrumb":{"@id":"https:\/\/www.filkon-rf.com\/hava-sistemleri\/#breadcrumb"},"inLanguage":"en-US","potentialAction":[{"@type":"ReadAction","target":["https:\/\/www.filkon-rf.com\/hava-sistemleri\/"]}]},{"@type":"ImageObject","inLanguage":"en-US","@id":"https:\/\/www.filkon-rf.com\/hava-sistemleri\/#primaryimage","url":"https:\/\/www.filkon-rf.com\/wp-content\/uploads\/2018\/11\/Resim10.jpg","contentUrl":"https:\/\/www.filkon-rf.com\/wp-content\/uploads\/2018\/11\/Resim10.jpg"},{"@type":"BreadcrumbList","@id":"https:\/\/www.filkon-rf.com\/hava-sistemleri\/#breadcrumb","itemListElement":[{"@type":"ListItem","position":1,"name":"Home","item":"https:\/\/www.filkon-rf.com\/"},{"@type":"ListItem","position":2,"name":"HAVA S\u0130STEMLER\u0130"}]},{"@type":"WebSite","@id":"https:\/\/www.filkon-rf.com\/#website","url":"https:\/\/www.filkon-rf.com\/","name":"F\u0130LKON ELEKTRON\u0130K","description":"RF - Mikrodalga Tasar\u0131m","publisher":{"@id":"https:\/\/www.filkon-rf.com\/#organization"},"potentialAction":[{"@type":"SearchAction","target":{"@type":"EntryPoint","urlTemplate":"https:\/\/www.filkon-rf.com\/?s={search_term_string}"},"query-input":{"@type":"PropertyValueSpecification","valueRequired":true,"valueName":"search_term_string"}}],"inLanguage":"en-US"},{"@type":"Organization","@id":"https:\/\/www.filkon-rf.com\/#organization","name":"Filkon Elektronik","url":"https:\/\/www.filkon-rf.com\/","logo":{"@type":"ImageObject","inLanguage":"en-US","@id":"https:\/\/www.filkon-rf.com\/#\/schema\/logo\/image\/","url":"https:\/\/www.filkon-rf.com\/wp-content\/uploads\/2018\/12\/FilkonLogo_Transp0.png","contentUrl":"https:\/\/www.filkon-rf.com\/wp-content\/uploads\/2018\/12\/FilkonLogo_Transp0.png","width":152,"height":61,"caption":"Filkon Elektronik"},"image":{"@id":"https:\/\/www.filkon-rf.com\/#\/schema\/logo\/image\/"}}]}},"_links":{"self":[{"href":"https:\/\/www.filkon-rf.com\/en\/wp-json\/wp\/v2\/pages\/1518","targetHints":{"allow":["GET"]}}],"collection":[{"href":"https:\/\/www.filkon-rf.com\/en\/wp-json\/wp\/v2\/pages"}],"about":[{"href":"https:\/\/www.filkon-rf.com\/en\/wp-json\/wp\/v2\/types\/page"}],"author":[{"embeddable":true,"href":"https:\/\/www.filkon-rf.com\/en\/wp-json\/wp\/v2\/users\/1"}],"replies":[{"embeddable":true,"href":"https:\/\/www.filkon-rf.com\/en\/wp-json\/wp\/v2\/comments?post=1518"}],"version-history":[{"count":7,"href":"https:\/\/www.filkon-rf.com\/en\/wp-json\/wp\/v2\/pages\/1518\/revisions"}],"predecessor-version":[{"id":1813,"href":"https:\/\/www.filkon-rf.com\/en\/wp-json\/wp\/v2\/pages\/1518\/revisions\/1813"}],"wp:attachment":[{"href":"https:\/\/www.filkon-rf.com\/en\/wp-json\/wp\/v2\/media?parent=1518"}],"curies":[{"name":"wp","href":"https:\/\/api.w.org\/{rel}","templated":true}]}}