{"id":1763,"date":"2025-11-06T20:12:07","date_gmt":"2025-11-06T18:12:07","guid":{"rendered":"https:\/\/www.filkon-rf.com\/?page_id=1763"},"modified":"2025-11-06T20:39:46","modified_gmt":"2025-11-06T18:39:46","slug":"kalite-politikamiz","status":"publish","type":"page","link":"https:\/\/www.filkon-rf.com\/en\/kalite-politikamiz\/","title":{"rendered":"Kalite Politikam\u0131z"},"content":{"rendered":"<div data-elementor-type=\"wp-post\" data-elementor-id=\"1763\" class=\"elementor elementor-1763\">\n\t\t\t\t\t\t<section class=\"elementor-section elementor-top-section elementor-element elementor-element-89fe7f0 elementor-section-boxed elementor-section-height-default elementor-section-height-default\" data-id=\"89fe7f0\" data-element_type=\"section\" data-e-type=\"section\">\n\t\t\t\t\t\t<div class=\"elementor-container elementor-column-gap-default\">\n\t\t\t\t\t<div class=\"elementor-column elementor-col-100 elementor-top-column elementor-element elementor-element-1fe45df\" data-id=\"1fe45df\" data-element_type=\"column\" data-e-type=\"column\">\n\t\t\t<div class=\"elementor-widget-wrap elementor-element-populated\">\n\t\t\t\t\t\t<div class=\"elementor-element elementor-element-b1d941c elementor-widget elementor-widget-heading\" data-id=\"b1d941c\" data-element_type=\"widget\" data-e-type=\"widget\" data-widget_type=\"heading.default\">\n\t\t\t\t<div class=\"elementor-widget-container\">\n\t\t\t\t\t<h2 class=\"elementor-heading-title elementor-size-default\">KAL\u0130TE POL\u0130T\u0130KAMIZ<\/h2>\t\t\t\t<\/div>\n\t\t\t\t<\/div>\n\t\t\t\t\t<\/div>\n\t\t<\/div>\n\t\t\t\t\t<\/div>\n\t\t<\/section>\n\t\t\t\t<section class=\"elementor-section elementor-top-section elementor-element elementor-element-9bf9bbd elementor-section-boxed elementor-section-height-default elementor-section-height-default\" data-id=\"9bf9bbd\" data-element_type=\"section\" data-e-type=\"section\">\n\t\t\t\t\t\t<div class=\"elementor-container elementor-column-gap-default\">\n\t\t\t\t\t<div class=\"elementor-column elementor-col-100 elementor-top-column elementor-element elementor-element-94e7543\" data-id=\"94e7543\" data-element_type=\"column\" data-e-type=\"column\">\n\t\t\t<div class=\"elementor-widget-wrap\">\n\t\t\t\t\t\t\t<\/div>\n\t\t<\/div>\n\t\t\t\t\t<\/div>\n\t\t<\/section>\n\t\t\t\t<section class=\"elementor-section elementor-top-section elementor-element elementor-element-d2fea12 elementor-section-boxed elementor-section-height-default elementor-section-height-default\" data-id=\"d2fea12\" data-element_type=\"section\" data-e-type=\"section\">\n\t\t\t\t\t\t<div class=\"elementor-container elementor-column-gap-default\">\n\t\t\t\t\t<div class=\"elementor-column elementor-col-100 elementor-top-column elementor-element elementor-element-11777d6\" data-id=\"11777d6\" data-element_type=\"column\" data-e-type=\"column\">\n\t\t\t<div class=\"elementor-widget-wrap elementor-element-populated\">\n\t\t\t\t\t\t<div class=\"elementor-element elementor-element-30ee412 elementor-widget__width-initial elementor-widget elementor-widget-heading\" data-id=\"30ee412\" data-element_type=\"widget\" data-e-type=\"widget\" data-widget_type=\"heading.default\">\n\t\t\t\t<div class=\"elementor-widget-container\">\n\t\t\t\t\t<h2 class=\"elementor-heading-title elementor-size-default\">F\u0130LKON RF ELEKTRON\u0130K T\u0130CARET VE PAZARLAMA LTD. \u015eT\u0130. <\/h2>\t\t\t\t<\/div>\n\t\t\t\t<\/div>\n\t\t\t\t<div class=\"elementor-element elementor-element-210ead7 elementor-widget__width-initial elementor-widget elementor-widget-text-editor\" data-id=\"210ead7\" data-element_type=\"widget\" data-e-type=\"widget\" data-widget_type=\"text-editor.default\">\n\t\t\t\t<div class=\"elementor-widget-container\">\n\t\t\t\t\t\t\t\t\t<p>Olarak hedefimiz, elektronik ve RF alanlar\u0131nda d\u00fcr\u00fcst, g\u00fcvenilir, kalite standartlar\u0131na uygun ve teknolojik geli\u015fmelere paralel \u00e7\u00f6z\u00fcmler sunmakt\u0131r<\/p><p>M\u00fc\u015fteri odakl\u0131 yakla\u015f\u0131m\u0131m\u0131z do\u011frultusunda, t\u00fcm proje, tasar\u0131m ve \u00fcretim s\u00fcre\u00e7lerimizde, \u00fcr\u00fcn ve hizmetlerimizin her a\u015famas\u0131nda kaliteyi temel ilke olarak benimsemekteyiz.<\/p>\t\t\t\t\t\t\t\t<\/div>\n\t\t\t\t<\/div>\n\t\t\t\t\t<\/div>\n\t\t<\/div>\n\t\t\t\t\t<\/div>\n\t\t<\/section>\n\t\t\t\t<section class=\"elementor-section elementor-top-section elementor-element elementor-element-7967ad2 elementor-section-boxed elementor-section-height-default elementor-section-height-default\" data-id=\"7967ad2\" data-element_type=\"section\" data-e-type=\"section\">\n\t\t\t\t\t\t<div class=\"elementor-container elementor-column-gap-default\">\n\t\t\t\t\t<div class=\"elementor-column elementor-col-100 elementor-top-column elementor-element elementor-element-8e2bc5a\" data-id=\"8e2bc5a\" data-element_type=\"column\" data-e-type=\"column\">\n\t\t\t<div class=\"elementor-widget-wrap elementor-element-populated\">\n\t\t\t\t\t\t<div class=\"elementor-element elementor-element-6106472 elementor-widget elementor-widget-spacer\" data-id=\"6106472\" data-element_type=\"widget\" data-e-type=\"widget\" data-widget_type=\"spacer.default\">\n\t\t\t\t<div class=\"elementor-widget-container\">\n\t\t\t\t\t\t\t<div class=\"elementor-spacer\">\n\t\t\t<div class=\"elementor-spacer-inner\"><\/div>\n\t\t<\/div>\n\t\t\t\t\t\t<\/div>\n\t\t\t\t<\/div>\n\t\t\t\t\t<\/div>\n\t\t<\/div>\n\t\t\t\t\t<\/div>\n\t\t<\/section>\n\t\t\t\t<section class=\"elementor-section elementor-top-section elementor-element elementor-element-f85907a elementor-section-boxed elementor-section-height-default elementor-section-height-default\" data-id=\"f85907a\" data-element_type=\"section\" data-e-type=\"section\">\n\t\t\t\t\t\t<div class=\"elementor-container elementor-column-gap-default\">\n\t\t\t\t\t<div class=\"elementor-column elementor-col-100 elementor-top-column elementor-element elementor-element-71d9300\" data-id=\"71d9300\" data-element_type=\"column\" data-e-type=\"column\">\n\t\t\t<div class=\"elementor-widget-wrap\">\n\t\t\t\t\t\t\t<\/div>\n\t\t<\/div>\n\t\t\t\t\t<\/div>\n\t\t<\/section>\n\t\t\t\t<\/div>","protected":false},"excerpt":{"rendered":"<p>KAL\u0130TE POL\u0130T\u0130KAMIZ F\u0130LKON RF ELEKTRON\u0130K T\u0130CARET VE PAZARLAMA LTD. \u015eT\u0130. Olarak hedefimiz, elektronik ve RF alanlar\u0131nda d\u00fcr\u00fcst, g\u00fcvenilir, kalite standartlar\u0131na uygun ve teknolojik geli\u015fmelere paralel \u00e7\u00f6z\u00fcmler sunmakt\u0131r M\u00fc\u015fteri odakl\u0131 yakla\u015f\u0131m\u0131m\u0131z do\u011frultusunda, t\u00fcm proje, tasar\u0131m ve \u00fcretim s\u00fcre\u00e7lerimizde, \u00fcr\u00fcn ve hizmetlerimizin her a\u015famas\u0131nda kaliteyi temel ilke olarak benimsemekteyiz.<\/p>","protected":false},"author":4,"featured_media":0,"parent":0,"menu_order":0,"comment_status":"closed","ping_status":"closed","template":"page-templates\/fullwidth-content.php","meta":{"footnotes":""},"class_list":["post-1763","page","type-page","status-publish","hentry"],"yoast_head":"<!-- This site is optimized with the Yoast SEO plugin v27.4 - https:\/\/yoast.com\/product\/yoast-seo-wordpress\/ -->\n<title>Kalite Politikam\u0131z - F\u0130LKON ELEKTRON\u0130K<\/title>\n<meta name=\"description\" content=\"KAL\u0130TE POL\u0130T\u0130KAMIZ F\u0130LKON RF ELEKTRON\u0130K T\u0130CARET VE PAZARLAMA LTD. \u015eT\u0130. Olarak hedefimiz, elektronik ve RF alanlar\u0131nda d\u00fcr\u00fcst, g\u00fcvenilir, kalite\" \/>\n<meta name=\"robots\" content=\"index, follow, max-snippet:-1, max-image-preview:large, max-video-preview:-1\" \/>\n<link rel=\"canonical\" href=\"https:\/\/www.filkon-rf.com\/en\/kalite-politikamiz\/\" \/>\n<meta property=\"og:locale\" content=\"en_US\" \/>\n<meta property=\"og:type\" content=\"article\" \/>\n<meta property=\"og:title\" content=\"Kalite Politikam\u0131z - F\u0130LKON ELEKTRON\u0130K\" \/>\n<meta property=\"og:description\" content=\"KAL\u0130TE POL\u0130T\u0130KAMIZ F\u0130LKON RF ELEKTRON\u0130K T\u0130CARET VE PAZARLAMA LTD. \u015eT\u0130. Olarak hedefimiz, elektronik ve RF alanlar\u0131nda d\u00fcr\u00fcst, g\u00fcvenilir, kalite\" \/>\n<meta property=\"og:url\" content=\"https:\/\/www.filkon-rf.com\/en\/kalite-politikamiz\/\" \/>\n<meta property=\"og:site_name\" content=\"F\u0130LKON ELEKTRON\u0130K\" \/>\n<meta property=\"article:modified_time\" content=\"2025-11-06T18:39:46+00:00\" \/>\n<meta name=\"twitter:card\" content=\"summary_large_image\" \/>\n<meta name=\"twitter:label1\" content=\"Est. reading time\" \/>\n\t<meta name=\"twitter:data1\" content=\"1 minute\" \/>\n<script type=\"application\/ld+json\" class=\"yoast-schema-graph\">{\"@context\":\"https:\\\/\\\/schema.org\",\"@graph\":[{\"@type\":\"WebPage\",\"@id\":\"https:\\\/\\\/www.filkon-rf.com\\\/kalite-politikamiz\\\/\",\"url\":\"https:\\\/\\\/www.filkon-rf.com\\\/kalite-politikamiz\\\/\",\"name\":\"Kalite Politikam\u0131z - F\u0130LKON ELEKTRON\u0130K\",\"isPartOf\":{\"@id\":\"https:\\\/\\\/www.filkon-rf.com\\\/#website\"},\"datePublished\":\"2025-11-06T18:12:07+00:00\",\"dateModified\":\"2025-11-06T18:39:46+00:00\",\"description\":\"KAL\u0130TE POL\u0130T\u0130KAMIZ F\u0130LKON RF ELEKTRON\u0130K T\u0130CARET VE PAZARLAMA LTD. \u015eT\u0130. Olarak hedefimiz, elektronik ve RF alanlar\u0131nda d\u00fcr\u00fcst, g\u00fcvenilir, kalite\",\"breadcrumb\":{\"@id\":\"https:\\\/\\\/www.filkon-rf.com\\\/kalite-politikamiz\\\/#breadcrumb\"},\"inLanguage\":\"en-US\",\"potentialAction\":[{\"@type\":\"ReadAction\",\"target\":[\"https:\\\/\\\/www.filkon-rf.com\\\/kalite-politikamiz\\\/\"]}]},{\"@type\":\"BreadcrumbList\",\"@id\":\"https:\\\/\\\/www.filkon-rf.com\\\/kalite-politikamiz\\\/#breadcrumb\",\"itemListElement\":[{\"@type\":\"ListItem\",\"position\":1,\"name\":\"Home\",\"item\":\"https:\\\/\\\/www.filkon-rf.com\\\/\"},{\"@type\":\"ListItem\",\"position\":2,\"name\":\"Kalite Politikam\u0131z\"}]},{\"@type\":\"WebSite\",\"@id\":\"https:\\\/\\\/www.filkon-rf.com\\\/#website\",\"url\":\"https:\\\/\\\/www.filkon-rf.com\\\/\",\"name\":\"F\u0130LKON ELEKTRON\u0130K\",\"description\":\"RF - Mikrodalga Tasar\u0131m\",\"publisher\":{\"@id\":\"https:\\\/\\\/www.filkon-rf.com\\\/#organization\"},\"potentialAction\":[{\"@type\":\"SearchAction\",\"target\":{\"@type\":\"EntryPoint\",\"urlTemplate\":\"https:\\\/\\\/www.filkon-rf.com\\\/?s={search_term_string}\"},\"query-input\":{\"@type\":\"PropertyValueSpecification\",\"valueRequired\":true,\"valueName\":\"search_term_string\"}}],\"inLanguage\":\"en-US\"},{\"@type\":\"Organization\",\"@id\":\"https:\\\/\\\/www.filkon-rf.com\\\/#organization\",\"name\":\"Filkon Elektronik\",\"url\":\"https:\\\/\\\/www.filkon-rf.com\\\/\",\"logo\":{\"@type\":\"ImageObject\",\"inLanguage\":\"en-US\",\"@id\":\"https:\\\/\\\/www.filkon-rf.com\\\/#\\\/schema\\\/logo\\\/image\\\/\",\"url\":\"https:\\\/\\\/www.filkon-rf.com\\\/wp-content\\\/uploads\\\/2018\\\/12\\\/FilkonLogo_Transp0.png\",\"contentUrl\":\"https:\\\/\\\/www.filkon-rf.com\\\/wp-content\\\/uploads\\\/2018\\\/12\\\/FilkonLogo_Transp0.png\",\"width\":152,\"height\":61,\"caption\":\"Filkon Elektronik\"},\"image\":{\"@id\":\"https:\\\/\\\/www.filkon-rf.com\\\/#\\\/schema\\\/logo\\\/image\\\/\"}}]}<\/script>\n<!-- \/ Yoast SEO plugin. -->","yoast_head_json":{"title":"Kalite Politikam\u0131z - F\u0130LKON ELEKTRON\u0130K","description":"KAL\u0130TE POL\u0130T\u0130KAMIZ F\u0130LKON RF ELEKTRON\u0130K T\u0130CARET VE PAZARLAMA LTD. \u015eT\u0130. Olarak hedefimiz, elektronik ve RF alanlar\u0131nda d\u00fcr\u00fcst, g\u00fcvenilir, kalite","robots":{"index":"index","follow":"follow","max-snippet":"max-snippet:-1","max-image-preview":"max-image-preview:large","max-video-preview":"max-video-preview:-1"},"canonical":"https:\/\/www.filkon-rf.com\/en\/kalite-politikamiz\/","og_locale":"en_US","og_type":"article","og_title":"Kalite Politikam\u0131z - F\u0130LKON ELEKTRON\u0130K","og_description":"KAL\u0130TE POL\u0130T\u0130KAMIZ F\u0130LKON RF ELEKTRON\u0130K T\u0130CARET VE PAZARLAMA LTD. \u015eT\u0130. Olarak hedefimiz, elektronik ve RF alanlar\u0131nda d\u00fcr\u00fcst, g\u00fcvenilir, kalite","og_url":"https:\/\/www.filkon-rf.com\/en\/kalite-politikamiz\/","og_site_name":"F\u0130LKON ELEKTRON\u0130K","article_modified_time":"2025-11-06T18:39:46+00:00","twitter_card":"summary_large_image","twitter_misc":{"Est. reading time":"1 minute"},"schema":{"@context":"https:\/\/schema.org","@graph":[{"@type":"WebPage","@id":"https:\/\/www.filkon-rf.com\/kalite-politikamiz\/","url":"https:\/\/www.filkon-rf.com\/kalite-politikamiz\/","name":"Kalite Politikam\u0131z - F\u0130LKON ELEKTRON\u0130K","isPartOf":{"@id":"https:\/\/www.filkon-rf.com\/#website"},"datePublished":"2025-11-06T18:12:07+00:00","dateModified":"2025-11-06T18:39:46+00:00","description":"KAL\u0130TE POL\u0130T\u0130KAMIZ F\u0130LKON RF ELEKTRON\u0130K T\u0130CARET VE PAZARLAMA LTD. \u015eT\u0130. Olarak hedefimiz, elektronik ve RF alanlar\u0131nda d\u00fcr\u00fcst, g\u00fcvenilir, kalite","breadcrumb":{"@id":"https:\/\/www.filkon-rf.com\/kalite-politikamiz\/#breadcrumb"},"inLanguage":"en-US","potentialAction":[{"@type":"ReadAction","target":["https:\/\/www.filkon-rf.com\/kalite-politikamiz\/"]}]},{"@type":"BreadcrumbList","@id":"https:\/\/www.filkon-rf.com\/kalite-politikamiz\/#breadcrumb","itemListElement":[{"@type":"ListItem","position":1,"name":"Home","item":"https:\/\/www.filkon-rf.com\/"},{"@type":"ListItem","position":2,"name":"Kalite Politikam\u0131z"}]},{"@type":"WebSite","@id":"https:\/\/www.filkon-rf.com\/#website","url":"https:\/\/www.filkon-rf.com\/","name":"F\u0130LKON ELEKTRON\u0130K","description":"RF - Mikrodalga Tasar\u0131m","publisher":{"@id":"https:\/\/www.filkon-rf.com\/#organization"},"potentialAction":[{"@type":"SearchAction","target":{"@type":"EntryPoint","urlTemplate":"https:\/\/www.filkon-rf.com\/?s={search_term_string}"},"query-input":{"@type":"PropertyValueSpecification","valueRequired":true,"valueName":"search_term_string"}}],"inLanguage":"en-US"},{"@type":"Organization","@id":"https:\/\/www.filkon-rf.com\/#organization","name":"Filkon Elektronik","url":"https:\/\/www.filkon-rf.com\/","logo":{"@type":"ImageObject","inLanguage":"en-US","@id":"https:\/\/www.filkon-rf.com\/#\/schema\/logo\/image\/","url":"https:\/\/www.filkon-rf.com\/wp-content\/uploads\/2018\/12\/FilkonLogo_Transp0.png","contentUrl":"https:\/\/www.filkon-rf.com\/wp-content\/uploads\/2018\/12\/FilkonLogo_Transp0.png","width":152,"height":61,"caption":"Filkon Elektronik"},"image":{"@id":"https:\/\/www.filkon-rf.com\/#\/schema\/logo\/image\/"}}]}},"_links":{"self":[{"href":"https:\/\/www.filkon-rf.com\/en\/wp-json\/wp\/v2\/pages\/1763","targetHints":{"allow":["GET"]}}],"collection":[{"href":"https:\/\/www.filkon-rf.com\/en\/wp-json\/wp\/v2\/pages"}],"about":[{"href":"https:\/\/www.filkon-rf.com\/en\/wp-json\/wp\/v2\/types\/page"}],"author":[{"embeddable":true,"href":"https:\/\/www.filkon-rf.com\/en\/wp-json\/wp\/v2\/users\/4"}],"replies":[{"embeddable":true,"href":"https:\/\/www.filkon-rf.com\/en\/wp-json\/wp\/v2\/comments?post=1763"}],"version-history":[{"count":26,"href":"https:\/\/www.filkon-rf.com\/en\/wp-json\/wp\/v2\/pages\/1763\/revisions"}],"predecessor-version":[{"id":1796,"href":"https:\/\/www.filkon-rf.com\/en\/wp-json\/wp\/v2\/pages\/1763\/revisions\/1796"}],"wp:attachment":[{"href":"https:\/\/www.filkon-rf.com\/en\/wp-json\/wp\/v2\/media?parent=1763"}],"curies":[{"name":"wp","href":"https:\/\/api.w.org\/{rel}","templated":true}]}}