{"id":21,"date":"2018-09-17T08:41:56","date_gmt":"2018-09-17T08:41:56","guid":{"rendered":"http:\/\/ld-wp.template-help.com\/wordpress_prod-20924\/v1\/?page_id=21"},"modified":"2026-02-09T16:01:38","modified_gmt":"2026-02-09T14:01:38","slug":"iletisim","status":"publish","type":"page","link":"https:\/\/www.filkon-rf.com\/en\/iletisim\/","title":{"rendered":"CONTACT"},"content":{"rendered":"<div data-elementor-type=\"wp-post\" data-elementor-id=\"21\" class=\"elementor elementor-21\">\n\t\t\t\t\t\t<section class=\"elementor-section elementor-top-section elementor-element elementor-element-c46456e elementor-section-boxed elementor-section-height-default elementor-section-height-default\" data-id=\"c46456e\" data-element_type=\"section\" data-e-type=\"section\">\n\t\t\t\t\t\t<div class=\"elementor-container elementor-column-gap-default\">\n\t\t\t\t\t<div class=\"elementor-column elementor-col-100 elementor-top-column elementor-element elementor-element-21b3850\" data-id=\"21b3850\" data-element_type=\"column\" data-e-type=\"column\">\n\t\t\t<div class=\"elementor-widget-wrap elementor-element-populated\">\n\t\t\t\t\t\t<div class=\"elementor-element elementor-element-faaff81 elementor-position-left elementor-vertical-align-top elementor-widget elementor-widget-image-box\" data-id=\"faaff81\" data-element_type=\"widget\" data-e-type=\"widget\" data-widget_type=\"image-box.default\">\n\t\t\t\t<div class=\"elementor-widget-container\">\n\t\t\t\t\t<div class=\"elementor-image-box-wrapper\"><figure class=\"elementor-image-box-img\"><img decoding=\"async\" src=\"https:\/\/www.filkon-rf.com\/wp-content\/uploads\/elementor\/thumbs\/Galyum_200-o41pzfz2zlev6fhw3g35gmrv4bhf28exg9idv7vads.jpg\" title=\"Galyum_200\" alt=\"Galyum_200\" loading=\"lazy\" \/><\/figure><div class=\"elementor-image-box-content\"><h3 class=\"elementor-image-box-title\">FILKON ELECTRONICS<\/h3><p class=\"elementor-image-box-description\">ODT\u00dc-Teknokent,  <br> G\u00fcm\u00fc\u015f Blok No: 29\/B \u00c7ANKAYA  ANKARA - T\u00dcRK\u0130YE <br><br><b>Tel: +90 312 210 15 73 &nbsp;&nbsp; Fax: +90 312 210 14 68 <\/b>\n<br><a href=\"mailto:info@filkon-rf.com\">info@filkon-rf.com<\/a><\/p><\/div><\/div>\t\t\t\t<\/div>\n\t\t\t\t<\/div>\n\t\t\t\t\t<\/div>\n\t\t<\/div>\n\t\t\t\t\t<\/div>\n\t\t<\/section>\n\t\t\t\t<section class=\"elementor-section elementor-top-section elementor-element elementor-element-22a9a2c elementor-section-boxed elementor-section-height-default elementor-section-height-default\" data-id=\"22a9a2c\" data-element_type=\"section\" data-e-type=\"section\">\n\t\t\t\t\t\t<div class=\"elementor-container elementor-column-gap-default\">\n\t\t\t\t\t<div class=\"elementor-column elementor-col-100 elementor-top-column elementor-element elementor-element-2c12d2b\" data-id=\"2c12d2b\" data-element_type=\"column\" data-e-type=\"column\">\n\t\t\t<div class=\"elementor-widget-wrap elementor-element-populated\">\n\t\t\t\t\t\t<div class=\"elementor-element elementor-element-e841c29 elementor-widget elementor-widget-google_maps\" data-id=\"e841c29\" data-element_type=\"widget\" data-e-type=\"widget\" data-widget_type=\"google_maps.default\">\n\t\t\t\t<div class=\"elementor-widget-container\">\n\t\t\t\t\t\t\t<div class=\"elementor-custom-embed\">\n\t\t\t<iframe loading=\"lazy\"\n\t\t\t\t\tsrc=\"https:\/\/maps.google.com\/maps?q=ODT%C3%9C%20teknokent%20g%C3%BCm%C3%BC%C5%9F%20blok&#038;t=m&#038;z=15&#038;output=embed&#038;iwloc=near\"\n\t\t\t\t\ttitle=\"ODT\u00dc teknokent g\u00fcm\u00fc\u015f blok\"\n\t\t\t\t\taria-label=\"ODT\u00dc teknokent g\u00fcm\u00fc\u015f blok\"\n\t\t\t><\/iframe>\n\t\t<\/div>\n\t\t\t\t\t\t<\/div>\n\t\t\t\t<\/div>\n\t\t\t\t\t<\/div>\n\t\t<\/div>\n\t\t\t\t\t<\/div>\n\t\t<\/section>\n\t\t\t\t<section class=\"elementor-section elementor-top-section elementor-element elementor-element-d93c867 elementor-section-boxed elementor-section-height-default elementor-section-height-default\" data-id=\"d93c867\" data-element_type=\"section\" data-e-type=\"section\">\n\t\t\t\t\t\t<div class=\"elementor-container elementor-column-gap-default\">\n\t\t\t\t\t<div class=\"elementor-column elementor-col-100 elementor-top-column elementor-element elementor-element-ebf2c83\" data-id=\"ebf2c83\" data-element_type=\"column\" data-e-type=\"column\">\n\t\t\t<div class=\"elementor-widget-wrap elementor-element-populated\">\n\t\t\t\t\t\t<div class=\"elementor-element elementor-element-fb40a08 elementor-widget__width-initial elementor-widget elementor-widget-text-editor\" data-id=\"fb40a08\" data-element_type=\"widget\" data-e-type=\"widget\" data-widget_type=\"text-editor.default\">\n\t\t\t\t<div class=\"elementor-widget-container\">\n\t\t\t\t\t\t\t\t\t<p><span class=\"stk-highlight\"><strong>Gizlilik Notu:<\/strong> filkon-rf.com<\/span>, ziyaret\u00e7ilerinden herhangi bir \u00fcyelik veya form arac\u0131l\u0131\u011f\u0131yla veri toplamamaktad\u0131r. Sitemizi ziyaretiniz s\u0131ras\u0131nda kullan\u0131lan \u00e7erezler, sadece sitenin teknik olarak do\u011fru \u00e7al\u0131\u015fmas\u0131n\u0131 sa\u011flamak amac\u0131yla anonim olarak kullan\u0131lmaktad\u0131r. Bizimle e-posta yoluyla ileti\u015fime ge\u00e7meniz halinde payla\u015ft\u0131\u011f\u0131n\u0131z bilgiler, sadece talebinize yan\u0131t vermek amac\u0131yla kullan\u0131l\u0131r ve \u00fc\u00e7\u00fcnc\u00fc \u015fah\u0131slarla payla\u015f\u0131lmaz.<\/p>\t\t\t\t\t\t\t\t<\/div>\n\t\t\t\t<\/div>\n\t\t\t\t\t<\/div>\n\t\t<\/div>\n\t\t\t\t\t<\/div>\n\t\t<\/section>\n\t\t\t\t<\/div>","protected":false},"excerpt":{"rendered":"<p>F\u0130LKON ELEKTRON\u0130K\u200b ODT\u00dc-Teknokent, G\u00fcm\u00fc\u015f Blok No: 29\/B \u00c7ANKAYA ANKARA &#8211; T\u00dcRK\u0130YE Tel: +90 312 210 15 73 &nbsp;&nbsp; Fax: +90 312 210 14 68 info@filkon-rf.com Gizlilik Notu: filkon-rf.com, ziyaret\u00e7ilerinden herhangi bir \u00fcyelik veya form arac\u0131l\u0131\u011f\u0131yla veri toplamamaktad\u0131r. Sitemizi ziyaretiniz s\u0131ras\u0131nda kullan\u0131lan \u00e7erezler, sadece sitenin teknik olarak do\u011fru \u00e7al\u0131\u015fmas\u0131n\u0131 sa\u011flamak amac\u0131yla anonim olarak kullan\u0131lmaktad\u0131r. Bizimle e-posta [&hellip;]<\/p>\n","protected":false},"author":1,"featured_media":0,"parent":0,"menu_order":0,"comment_status":"closed","ping_status":"closed","template":"page-templates\/fullwidth-content.php","meta":{"footnotes":""},"class_list":["post-21","page","type-page","status-publish","hentry"],"yoast_head":"<!-- This site is optimized with the Yoast SEO plugin v27.4 - https:\/\/yoast.com\/product\/yoast-seo-wordpress\/ -->\n<title>\u0130LET\u0130\u015e\u0130M - F\u0130LKON ELEKTRON\u0130K<\/title>\n<meta name=\"description\" content=\"F\u0130LKON ELEKTRON\u0130K\u200bODT\u00dc-Teknokent, G\u00fcm\u00fc\u015f Blok No: 29\/B \u00c7ANKAYA ANKARA - T\u00dcRK\u0130YE Tel: +90 312 210 15 73 &nbsp;&nbsp; Fax: +90 312 210 14 68\" \/>\n<meta name=\"robots\" content=\"index, follow, max-snippet:-1, max-image-preview:large, max-video-preview:-1\" \/>\n<link rel=\"canonical\" href=\"https:\/\/www.filkon-rf.com\/en\/iletisim\/\" \/>\n<meta property=\"og:locale\" content=\"en_US\" \/>\n<meta property=\"og:type\" content=\"article\" \/>\n<meta property=\"og:title\" content=\"\u0130LET\u0130\u015e\u0130M - F\u0130LKON ELEKTRON\u0130K\" \/>\n<meta property=\"og:description\" content=\"F\u0130LKON ELEKTRON\u0130K\u200bODT\u00dc-Teknokent, G\u00fcm\u00fc\u015f Blok No: 29\/B \u00c7ANKAYA ANKARA - T\u00dcRK\u0130YE Tel: +90 312 210 15 73 &nbsp;&nbsp; Fax: +90 312 210 14 68\" \/>\n<meta property=\"og:url\" content=\"https:\/\/www.filkon-rf.com\/en\/iletisim\/\" \/>\n<meta property=\"og:site_name\" content=\"F\u0130LKON ELEKTRON\u0130K\" \/>\n<meta property=\"article:modified_time\" content=\"2026-02-09T14:01:38+00:00\" \/>\n<meta property=\"og:image\" content=\"https:\/\/www.filkon-rf.com\/wp-content\/uploads\/elementor\/thumbs\/Galyum_200-o41pzfz2zlev6fhw3g35gmrv4bhf28exg9idv7vads.jpg\" \/>\n<meta name=\"twitter:card\" content=\"summary_large_image\" \/>\n<meta name=\"twitter:label1\" content=\"Est. reading time\" \/>\n\t<meta name=\"twitter:data1\" content=\"1 minute\" \/>\n<script type=\"application\/ld+json\" class=\"yoast-schema-graph\">{\"@context\":\"https:\\\/\\\/schema.org\",\"@graph\":[{\"@type\":\"WebPage\",\"@id\":\"https:\\\/\\\/www.filkon-rf.com\\\/iletisim\\\/\",\"url\":\"https:\\\/\\\/www.filkon-rf.com\\\/iletisim\\\/\",\"name\":\"\u0130LET\u0130\u015e\u0130M - F\u0130LKON ELEKTRON\u0130K\",\"isPartOf\":{\"@id\":\"https:\\\/\\\/www.filkon-rf.com\\\/#website\"},\"primaryImageOfPage\":{\"@id\":\"https:\\\/\\\/www.filkon-rf.com\\\/iletisim\\\/#primaryimage\"},\"image\":{\"@id\":\"https:\\\/\\\/www.filkon-rf.com\\\/iletisim\\\/#primaryimage\"},\"thumbnailUrl\":\"https:\\\/\\\/www.filkon-rf.com\\\/wp-content\\\/uploads\\\/elementor\\\/thumbs\\\/Galyum_200-o41pzfz2zlev6fhw3g35gmrv4bhf28exg9idv7vads.jpg\",\"datePublished\":\"2018-09-17T08:41:56+00:00\",\"dateModified\":\"2026-02-09T14:01:38+00:00\",\"description\":\"F\u0130LKON ELEKTRON\u0130K\u200bODT\u00dc-Teknokent, G\u00fcm\u00fc\u015f Blok No: 29\\\/B \u00c7ANKAYA ANKARA - T\u00dcRK\u0130YE Tel: +90 312 210 15 73 &nbsp;&nbsp; Fax: +90 312 210 14 68\",\"breadcrumb\":{\"@id\":\"https:\\\/\\\/www.filkon-rf.com\\\/iletisim\\\/#breadcrumb\"},\"inLanguage\":\"en-US\",\"potentialAction\":[{\"@type\":\"ReadAction\",\"target\":[\"https:\\\/\\\/www.filkon-rf.com\\\/iletisim\\\/\"]}]},{\"@type\":\"ImageObject\",\"inLanguage\":\"en-US\",\"@id\":\"https:\\\/\\\/www.filkon-rf.com\\\/iletisim\\\/#primaryimage\",\"url\":\"https:\\\/\\\/www.filkon-rf.com\\\/wp-content\\\/uploads\\\/elementor\\\/thumbs\\\/Galyum_200-o41pzfz2zlev6fhw3g35gmrv4bhf28exg9idv7vads.jpg\",\"contentUrl\":\"https:\\\/\\\/www.filkon-rf.com\\\/wp-content\\\/uploads\\\/elementor\\\/thumbs\\\/Galyum_200-o41pzfz2zlev6fhw3g35gmrv4bhf28exg9idv7vads.jpg\"},{\"@type\":\"BreadcrumbList\",\"@id\":\"https:\\\/\\\/www.filkon-rf.com\\\/iletisim\\\/#breadcrumb\",\"itemListElement\":[{\"@type\":\"ListItem\",\"position\":1,\"name\":\"Home\",\"item\":\"https:\\\/\\\/www.filkon-rf.com\\\/\"},{\"@type\":\"ListItem\",\"position\":2,\"name\":\"\u0130LET\u0130\u015e\u0130M\"}]},{\"@type\":\"WebSite\",\"@id\":\"https:\\\/\\\/www.filkon-rf.com\\\/#website\",\"url\":\"https:\\\/\\\/www.filkon-rf.com\\\/\",\"name\":\"F\u0130LKON ELEKTRON\u0130K\",\"description\":\"RF - Mikrodalga Tasar\u0131m\",\"publisher\":{\"@id\":\"https:\\\/\\\/www.filkon-rf.com\\\/#organization\"},\"potentialAction\":[{\"@type\":\"SearchAction\",\"target\":{\"@type\":\"EntryPoint\",\"urlTemplate\":\"https:\\\/\\\/www.filkon-rf.com\\\/?s={search_term_string}\"},\"query-input\":{\"@type\":\"PropertyValueSpecification\",\"valueRequired\":true,\"valueName\":\"search_term_string\"}}],\"inLanguage\":\"en-US\"},{\"@type\":\"Organization\",\"@id\":\"https:\\\/\\\/www.filkon-rf.com\\\/#organization\",\"name\":\"Filkon Elektronik\",\"url\":\"https:\\\/\\\/www.filkon-rf.com\\\/\",\"logo\":{\"@type\":\"ImageObject\",\"inLanguage\":\"en-US\",\"@id\":\"https:\\\/\\\/www.filkon-rf.com\\\/#\\\/schema\\\/logo\\\/image\\\/\",\"url\":\"https:\\\/\\\/www.filkon-rf.com\\\/wp-content\\\/uploads\\\/2018\\\/12\\\/FilkonLogo_Transp0.png\",\"contentUrl\":\"https:\\\/\\\/www.filkon-rf.com\\\/wp-content\\\/uploads\\\/2018\\\/12\\\/FilkonLogo_Transp0.png\",\"width\":152,\"height\":61,\"caption\":\"Filkon Elektronik\"},\"image\":{\"@id\":\"https:\\\/\\\/www.filkon-rf.com\\\/#\\\/schema\\\/logo\\\/image\\\/\"}}]}<\/script>\n<!-- \/ Yoast SEO plugin. -->","yoast_head_json":{"title":"\u0130LET\u0130\u015e\u0130M - F\u0130LKON ELEKTRON\u0130K","description":"F\u0130LKON ELEKTRON\u0130K\u200bODT\u00dc-Teknokent, G\u00fcm\u00fc\u015f Blok No: 29\/B \u00c7ANKAYA ANKARA - T\u00dcRK\u0130YE Tel: +90 312 210 15 73 &nbsp;&nbsp; Fax: +90 312 210 14 68","robots":{"index":"index","follow":"follow","max-snippet":"max-snippet:-1","max-image-preview":"max-image-preview:large","max-video-preview":"max-video-preview:-1"},"canonical":"https:\/\/www.filkon-rf.com\/en\/iletisim\/","og_locale":"en_US","og_type":"article","og_title":"\u0130LET\u0130\u015e\u0130M - F\u0130LKON ELEKTRON\u0130K","og_description":"F\u0130LKON ELEKTRON\u0130K\u200bODT\u00dc-Teknokent, G\u00fcm\u00fc\u015f Blok No: 29\/B \u00c7ANKAYA ANKARA - T\u00dcRK\u0130YE Tel: +90 312 210 15 73 &nbsp;&nbsp; Fax: +90 312 210 14 68","og_url":"https:\/\/www.filkon-rf.com\/en\/iletisim\/","og_site_name":"F\u0130LKON ELEKTRON\u0130K","article_modified_time":"2026-02-09T14:01:38+00:00","og_image":[{"url":"https:\/\/www.filkon-rf.com\/wp-content\/uploads\/elementor\/thumbs\/Galyum_200-o41pzfz2zlev6fhw3g35gmrv4bhf28exg9idv7vads.jpg","type":"","width":"","height":""}],"twitter_card":"summary_large_image","twitter_misc":{"Est. reading time":"1 minute"},"schema":{"@context":"https:\/\/schema.org","@graph":[{"@type":"WebPage","@id":"https:\/\/www.filkon-rf.com\/iletisim\/","url":"https:\/\/www.filkon-rf.com\/iletisim\/","name":"\u0130LET\u0130\u015e\u0130M - F\u0130LKON ELEKTRON\u0130K","isPartOf":{"@id":"https:\/\/www.filkon-rf.com\/#website"},"primaryImageOfPage":{"@id":"https:\/\/www.filkon-rf.com\/iletisim\/#primaryimage"},"image":{"@id":"https:\/\/www.filkon-rf.com\/iletisim\/#primaryimage"},"thumbnailUrl":"https:\/\/www.filkon-rf.com\/wp-content\/uploads\/elementor\/thumbs\/Galyum_200-o41pzfz2zlev6fhw3g35gmrv4bhf28exg9idv7vads.jpg","datePublished":"2018-09-17T08:41:56+00:00","dateModified":"2026-02-09T14:01:38+00:00","description":"F\u0130LKON ELEKTRON\u0130K\u200bODT\u00dc-Teknokent, G\u00fcm\u00fc\u015f Blok No: 29\/B \u00c7ANKAYA ANKARA - T\u00dcRK\u0130YE Tel: +90 312 210 15 73 &nbsp;&nbsp; Fax: +90 312 210 14 68","breadcrumb":{"@id":"https:\/\/www.filkon-rf.com\/iletisim\/#breadcrumb"},"inLanguage":"en-US","potentialAction":[{"@type":"ReadAction","target":["https:\/\/www.filkon-rf.com\/iletisim\/"]}]},{"@type":"ImageObject","inLanguage":"en-US","@id":"https:\/\/www.filkon-rf.com\/iletisim\/#primaryimage","url":"https:\/\/www.filkon-rf.com\/wp-content\/uploads\/elementor\/thumbs\/Galyum_200-o41pzfz2zlev6fhw3g35gmrv4bhf28exg9idv7vads.jpg","contentUrl":"https:\/\/www.filkon-rf.com\/wp-content\/uploads\/elementor\/thumbs\/Galyum_200-o41pzfz2zlev6fhw3g35gmrv4bhf28exg9idv7vads.jpg"},{"@type":"BreadcrumbList","@id":"https:\/\/www.filkon-rf.com\/iletisim\/#breadcrumb","itemListElement":[{"@type":"ListItem","position":1,"name":"Home","item":"https:\/\/www.filkon-rf.com\/"},{"@type":"ListItem","position":2,"name":"\u0130LET\u0130\u015e\u0130M"}]},{"@type":"WebSite","@id":"https:\/\/www.filkon-rf.com\/#website","url":"https:\/\/www.filkon-rf.com\/","name":"F\u0130LKON ELEKTRON\u0130K","description":"RF - Mikrodalga Tasar\u0131m","publisher":{"@id":"https:\/\/www.filkon-rf.com\/#organization"},"potentialAction":[{"@type":"SearchAction","target":{"@type":"EntryPoint","urlTemplate":"https:\/\/www.filkon-rf.com\/?s={search_term_string}"},"query-input":{"@type":"PropertyValueSpecification","valueRequired":true,"valueName":"search_term_string"}}],"inLanguage":"en-US"},{"@type":"Organization","@id":"https:\/\/www.filkon-rf.com\/#organization","name":"Filkon Elektronik","url":"https:\/\/www.filkon-rf.com\/","logo":{"@type":"ImageObject","inLanguage":"en-US","@id":"https:\/\/www.filkon-rf.com\/#\/schema\/logo\/image\/","url":"https:\/\/www.filkon-rf.com\/wp-content\/uploads\/2018\/12\/FilkonLogo_Transp0.png","contentUrl":"https:\/\/www.filkon-rf.com\/wp-content\/uploads\/2018\/12\/FilkonLogo_Transp0.png","width":152,"height":61,"caption":"Filkon Elektronik"},"image":{"@id":"https:\/\/www.filkon-rf.com\/#\/schema\/logo\/image\/"}}]}},"_links":{"self":[{"href":"https:\/\/www.filkon-rf.com\/en\/wp-json\/wp\/v2\/pages\/21","targetHints":{"allow":["GET"]}}],"collection":[{"href":"https:\/\/www.filkon-rf.com\/en\/wp-json\/wp\/v2\/pages"}],"about":[{"href":"https:\/\/www.filkon-rf.com\/en\/wp-json\/wp\/v2\/types\/page"}],"author":[{"embeddable":true,"href":"https:\/\/www.filkon-rf.com\/en\/wp-json\/wp\/v2\/users\/1"}],"replies":[{"embeddable":true,"href":"https:\/\/www.filkon-rf.com\/en\/wp-json\/wp\/v2\/comments?post=21"}],"version-history":[{"count":62,"href":"https:\/\/www.filkon-rf.com\/en\/wp-json\/wp\/v2\/pages\/21\/revisions"}],"predecessor-version":[{"id":1900,"href":"https:\/\/www.filkon-rf.com\/en\/wp-json\/wp\/v2\/pages\/21\/revisions\/1900"}],"wp:attachment":[{"href":"https:\/\/www.filkon-rf.com\/en\/wp-json\/wp\/v2\/media?parent=21"}],"curies":[{"name":"wp","href":"https:\/\/api.w.org\/{rel}","templated":true}]}}